{"id":1338,"date":"2022-02-16T10:22:07","date_gmt":"2022-02-16T09:22:07","guid":{"rendered":"https:\/\/relaunch.classic-heimtiernahrung.de\/product\/classic-dog-snack-cookies-tierfiguren-getreidefrei-500g\/"},"modified":"2025-04-01T10:27:06","modified_gmt":"2025-04-01T08:27:06","slug":"classic-dog-snack-cookies-tierfiguren-getreidefrei-500g","status":"publish","type":"product","link":"https:\/\/classic-heimtiernahrung.de\/de\/product\/classic-dog-snack-cookies-tierfiguren-getreidefrei-500g\/","title":{"rendered":"Classic Dog Snack Cookies Tierfiguren getreidefrei 500g"},"content":{"rendered":"<p>Die Classic Dog Hundekuchen sind die idealen Belohnungssnacks f\u00fcr zwischendurch.<br \/>Schonend hergestellt und aus hochwertigen Zutaten sind sie in Geruch und Geschmack f\u00fcr Ihren Hund unwiderstehlich.<\/p>\n<p>Die Knusprigen Snacks regen zum Kauen an und unterst\u00fctzen gleichzeitig die Gesundheit von Z\u00e4hnen und Zahnfleisch.<\/p>\n<p>Die Vielfalt an Classic Dog Hundekuchen bietet Ihrem Hund Abwechslung und Kauspa\u00df.<br \/>Perfekt als kleine Belohnung beim Training oder f\u00fcr unterwegs.<\/p>\n<p><\/p>\n<h2>Inhaltsstoffe<\/h2>\n<p><\/p>\n<h2>Zusammensetzung:<\/h2>\n<p>Getreide, pflanzliche Nebenerzeugnisse, Gem\u00fcse, \u00d6le und Fette, Mineralstoffe.<\/p>\n<p>\u00a0<\/p>\n<h2>Inhaltsstoffe:<\/h2>\n<p>Rohprotein 9%, Rohfett 7%, Rohasche 1%, Rohfaser 5%<\/p>\n<p>\u00a0<\/p>\n<h2>Zusatzstoffe:<\/h2>\n<p>Farbstoffe,<\/p>\n<p><\/p>\n<h2>F\u00fctterungsempfehlung<\/h2>\n<p><\/p>\n<p>Als Snack oder Belohnung f\u00fcr Zwischendurch zur normalen F\u00fctterung reichen. Bitte immer frisches Trinkwasser bereitstellen. K\u00fchl und trocken lagern. Nach Anbruch z\u00fcgig aufbrauchen.<\/p>\n","protected":false},"excerpt":{"rendered":"<p>Erg\u00e4nzungsfutter f\u00fcr Hunde<\/p>\n","protected":false},"featured_media":1339,"template":"","meta":[],"product_brand":[],"product_cat":[55,61],"product_tag":[],"class_list":{"0":"post-1338","1":"product","2":"type-product","3":"status-publish","4":"has-post-thumbnail","6":"product_cat-classic-dog","7":"product_cat-classic-dog-backwaren","9":"first","10":"instock","11":"shipping-taxable","12":"product-type-simple"},"_links":{"self":[{"href":"https:\/\/classic-heimtiernahrung.de\/de\/wp-json\/wp\/v2\/product\/1338","targetHints":{"allow":["GET"]}}],"collection":[{"href":"https:\/\/classic-heimtiernahrung.de\/de\/wp-json\/wp\/v2\/product"}],"about":[{"href":"https:\/\/classic-heimtiernahrung.de\/de\/wp-json\/wp\/v2\/types\/product"}],"version-history":[{"count":2,"href":"https:\/\/classic-heimtiernahrung.de\/de\/wp-json\/wp\/v2\/product\/1338\/revisions"}],"predecessor-version":[{"id":2644,"href":"https:\/\/classic-heimtiernahrung.de\/de\/wp-json\/wp\/v2\/product\/1338\/revisions\/2644"}],"wp:featuredmedia":[{"embeddable":true,"href":"https:\/\/classic-heimtiernahrung.de\/de\/wp-json\/wp\/v2\/media\/1339"}],"wp:attachment":[{"href":"https:\/\/classic-heimtiernahrung.de\/de\/wp-json\/wp\/v2\/media?parent=1338"}],"wp:term":[{"taxonomy":"product_brand","embeddable":true,"href":"https:\/\/classic-heimtiernahrung.de\/de\/wp-json\/wp\/v2\/product_brand?post=1338"},{"taxonomy":"product_cat","embeddable":true,"href":"https:\/\/classic-heimtiernahrung.de\/de\/wp-json\/wp\/v2\/product_cat?post=1338"},{"taxonomy":"product_tag","embeddable":true,"href":"https:\/\/classic-heimtiernahrung.de\/de\/wp-json\/wp\/v2\/product_tag?post=1338"}],"curies":[{"name":"wp","href":"https:\/\/api.w.org\/{rel}","templated":true}]}}