{"id":1328,"date":"2022-02-16T10:19:45","date_gmt":"2022-02-16T09:19:45","guid":{"rendered":"https:\/\/relaunch.classic-heimtiernahrung.de\/product\/classic-dog-snack-cookies-tierfiguren-500g\/"},"modified":"2025-04-01T10:27:54","modified_gmt":"2025-04-01T08:27:54","slug":"classic-dog-snack-cookies-tierfiguren-500g","status":"publish","type":"product","link":"https:\/\/classic-heimtiernahrung.de\/de\/product\/classic-dog-snack-cookies-tierfiguren-500g\/","title":{"rendered":"Classic Dog Snack Cookies Tierfiguren 500g"},"content":{"rendered":"<p>Die Classic Dog Hundekuchen sind die idealen Belohnungssnacks f\u00fcr zwischendurch.<br \/>Schonend hergestellt und aus hochwertigen Zutaten sind sie in Geruch und Geschmack f\u00fcr Ihren Hund unwiderstehlich.<\/p>\n<p>Die Knusprigen Snacks regen zum Kauen an und unterst\u00fctzen gleichzeitig die Gesundheit von Z\u00e4hnen und Zahnfleisch.<\/p>\n<p>Die Vielfalt an Classic Dog Hundekuchen bietet Ihrem Hund Abwechslung und Kauspa\u00df.<br \/>Perfekt als kleine Belohnung beim Training oder f\u00fcr unterwegs.<\/p>\n<p><\/p>\n<h2>Inhaltsstoffe<\/h2>\n<p><\/p>\n<h2>Zusammensetzung:<\/h2>\n<p>Getreide, \u00d6le und Fette, pflanzliche Nebenerzeugnisse, Mineralstoffe.<\/p>\n<p>\u00a0<\/p>\n<h2>Inhaltsstoffe:<\/h2>\n<p>Rohprotein: 8 %, Rohfett: 6,0 %, Rohfaser 2 %, Rohasche 1 %.<\/p>\n<p>\u00a0<\/p>\n<h2>Zusatzstoffe:<\/h2>\n<p>Farbstoffe, Aromastoffe<\/p>\n<p><\/p>\n<h2>F\u00fctterungsempfehlung<\/h2>\n<p><\/p>\n<p>Als Snack oder Belohnung f\u00fcr Zwischendurch zur normalen F\u00fctterung reichen. Bitte immer frisches Trinkwasser bereitstellen. K\u00fchl und trocken lagern. Nach Anbruch z\u00fcgig aufbrauchen.<\/p>\n","protected":false},"excerpt":{"rendered":"<p>Erg\u00e4nzungsfutter f\u00fcr Hunde<\/p>\n","protected":false},"featured_media":1329,"template":"","meta":[],"product_brand":[],"product_cat":[55,61],"product_tag":[],"class_list":{"0":"post-1328","1":"product","2":"type-product","3":"status-publish","4":"has-post-thumbnail","6":"product_cat-classic-dog","7":"product_cat-classic-dog-backwaren","9":"first","10":"instock","11":"shipping-taxable","12":"product-type-simple"},"_links":{"self":[{"href":"https:\/\/classic-heimtiernahrung.de\/de\/wp-json\/wp\/v2\/product\/1328","targetHints":{"allow":["GET"]}}],"collection":[{"href":"https:\/\/classic-heimtiernahrung.de\/de\/wp-json\/wp\/v2\/product"}],"about":[{"href":"https:\/\/classic-heimtiernahrung.de\/de\/wp-json\/wp\/v2\/types\/product"}],"version-history":[{"count":2,"href":"https:\/\/classic-heimtiernahrung.de\/de\/wp-json\/wp\/v2\/product\/1328\/revisions"}],"predecessor-version":[{"id":2641,"href":"https:\/\/classic-heimtiernahrung.de\/de\/wp-json\/wp\/v2\/product\/1328\/revisions\/2641"}],"wp:featuredmedia":[{"embeddable":true,"href":"https:\/\/classic-heimtiernahrung.de\/de\/wp-json\/wp\/v2\/media\/1329"}],"wp:attachment":[{"href":"https:\/\/classic-heimtiernahrung.de\/de\/wp-json\/wp\/v2\/media?parent=1328"}],"wp:term":[{"taxonomy":"product_brand","embeddable":true,"href":"https:\/\/classic-heimtiernahrung.de\/de\/wp-json\/wp\/v2\/product_brand?post=1328"},{"taxonomy":"product_cat","embeddable":true,"href":"https:\/\/classic-heimtiernahrung.de\/de\/wp-json\/wp\/v2\/product_cat?post=1328"},{"taxonomy":"product_tag","embeddable":true,"href":"https:\/\/classic-heimtiernahrung.de\/de\/wp-json\/wp\/v2\/product_tag?post=1328"}],"curies":[{"name":"wp","href":"https:\/\/api.w.org\/{rel}","templated":true}]}}