{"id":1324,"date":"2022-02-16T10:18:45","date_gmt":"2022-02-16T09:18:45","guid":{"rendered":"https:\/\/relaunch.classic-heimtiernahrung.de\/product\/classic-fish-teich-sticks-tricolor-eimer-5l\/"},"modified":"2022-02-21T11:20:26","modified_gmt":"2022-02-21T10:20:26","slug":"classic-fish-teich-sticks-tricolor-eimer-5l","status":"publish","type":"product","link":"https:\/\/classic-heimtiernahrung.de\/de\/product\/classic-fish-teich-sticks-tricolor-eimer-5l\/","title":{"rendered":"Classic Fish Teich Sticks TriColor Eimer 5l"},"content":{"rendered":"<p>Wertvolle Rohstoffe werden in einem Spezialverfahren zu leichten, por\u00f6sen Futtersticks verarbeitet, die auf der Wasseroberfl\u00e4che schwimmen und daher von den Fischen vollst\u00e4ndig aufgenommen werden k\u00f6nnen. Sie enthalten wichtige Kohlenhydrate, Proteine, Fette und Vitamine f\u00fcr eine ausgewogene Ern\u00e4hrung. Die hohe und gleichbleibende Qualit\u00e4t wird durch st\u00e4ndige Qualit\u00e4tskontrollen garantiert. Das Beste aus der Natur f\u00fcr gesunde und vitale Teichfische.<\/p>\n<p>&nbsp;<\/p>\n<h2>Inhaltsstoffe<\/h2>\n<p>&nbsp;<\/p>\n<p>Zusammensetzung:<br \/>\nGetreide, Fleisch und tierische Nebenerzeugnisse, pflanzliche Nebenerzeugnisse, Fisch und<br \/>\nFischnebenerzeugnisse.<\/p>\n<p>Analytische Bestandteile:<br \/>\nProtein 21,0 %, Fettgehalt 3,0 %, Rohfaser 3,0 %, Rohasche 6,5 %, Calcium 1,5 %, Phosphor 1,0 %<\/p>\n<p>Zusatzstoffe \/ ern\u00e4hrungsphysiologische Zusatzstoffe je kg: Vitamin A 8.000 I.E., Vitamin D3 800 I.E., Vitamin E (alpha Tocopherol-acetat) 45 mg, Vitamin C (Ascorbylphosphate) 25 mg<\/p>\n<p>Technologische Zusatzstoffe:<br \/>\nAntioxidationsmittel BHT<\/p>\n<p>Sensorische Zusatzstoffe:<br \/>\nFarbstoffe E102, E110, E131 und E124<\/p>\n<p>&nbsp;<\/p>\n<h2>F\u00fctterungsempfehlung<\/h2>\n<p>&nbsp;<\/p>\n<p>Mehrmals t\u00e4glich kleine Portionen in den Teich streuen und soviel f\u00fcttern, wie<br \/>\ninnerhalb von wenigen Minuten gefressen wird.<\/p>\n<p>Unter 8\u00b0C Wassertemperatur ist eine F\u00fctterung nicht mehr n\u00f6tig.<\/p>\n","protected":false},"excerpt":{"rendered":"<p>Alleinfuttermittel f\u00fcr alle Teichfische<\/p>\n","protected":false},"featured_media":1325,"template":"","meta":[],"product_brand":[],"product_cat":[73,74],"product_tag":[],"class_list":{"0":"post-1324","1":"product","2":"type-product","3":"status-publish","4":"has-post-thumbnail","6":"product_cat-classic-fish","7":"product_cat-classic-fish-futter","9":"first","10":"instock","11":"shipping-taxable","12":"product-type-simple"},"_links":{"self":[{"href":"https:\/\/classic-heimtiernahrung.de\/de\/wp-json\/wp\/v2\/product\/1324","targetHints":{"allow":["GET"]}}],"collection":[{"href":"https:\/\/classic-heimtiernahrung.de\/de\/wp-json\/wp\/v2\/product"}],"about":[{"href":"https:\/\/classic-heimtiernahrung.de\/de\/wp-json\/wp\/v2\/types\/product"}],"version-history":[{"count":1,"href":"https:\/\/classic-heimtiernahrung.de\/de\/wp-json\/wp\/v2\/product\/1324\/revisions"}],"predecessor-version":[{"id":1484,"href":"https:\/\/classic-heimtiernahrung.de\/de\/wp-json\/wp\/v2\/product\/1324\/revisions\/1484"}],"wp:featuredmedia":[{"embeddable":true,"href":"https:\/\/classic-heimtiernahrung.de\/de\/wp-json\/wp\/v2\/media\/1325"}],"wp:attachment":[{"href":"https:\/\/classic-heimtiernahrung.de\/de\/wp-json\/wp\/v2\/media?parent=1324"}],"wp:term":[{"taxonomy":"product_brand","embeddable":true,"href":"https:\/\/classic-heimtiernahrung.de\/de\/wp-json\/wp\/v2\/product_brand?post=1324"},{"taxonomy":"product_cat","embeddable":true,"href":"https:\/\/classic-heimtiernahrung.de\/de\/wp-json\/wp\/v2\/product_cat?post=1324"},{"taxonomy":"product_tag","embeddable":true,"href":"https:\/\/classic-heimtiernahrung.de\/de\/wp-json\/wp\/v2\/product_tag?post=1324"}],"curies":[{"name":"wp","href":"https:\/\/api.w.org\/{rel}","templated":true}]}}