{"id":1318,"date":"2022-02-16T10:17:14","date_gmt":"2022-02-16T09:17:14","guid":{"rendered":"https:\/\/relaunch.classic-heimtiernahrung.de\/product\/classic-dog-snack-meateez-mit-lachs-150g\/"},"modified":"2022-02-21T11:32:16","modified_gmt":"2022-02-21T10:32:16","slug":"classic-dog-snack-meateez-mit-lachs-150g","status":"publish","type":"product","link":"https:\/\/classic-heimtiernahrung.de\/de\/product\/classic-dog-snack-meateez-mit-lachs-150g\/","title":{"rendered":"Classic Dog Snack meateez mit Lachs 150g"},"content":{"rendered":"<p>Die Classic Dog Hundesnacks meateez sind 100%ig getreidefrei und zeichnen sich durch den hohen Fleischanteil aus.<\/p>\n<p>Das ist Genu\u00df ohne Reue und daher der perfekte Belohnungshappen f\u00fcr Hunde mit einer Glutenunvertr\u00e4glichkeit.<\/p>\n<p>Schonend hergestellt und aus hochwertigen Zutaten sind sie in Geruch und Geschmack f\u00fcr Ihren Hund unwiderstehlich.<\/p>\n<p>Die Snacks regen zum Kauen an und unterst\u00fctzen gleichzeitig die Gesundheit von Z\u00e4hnen und Zahnfleisch.<\/p>\n<p>&nbsp;<\/p>\n<h2>Inhaltsstoffe<\/h2>\n<p>&nbsp;<\/p>\n<p>Zusammensetzung: Fleisch und tierische Nebenerzeugnisse (50%, 15% vom Lachs), Gem\u00fcse, Luzerne, Lupine (4%).<\/p>\n<p>Analytische Bestandteile: Protein 28%, Fettgehalt 6%, Rohfaser 5%, Rohasche 6%, Feuchte 25%.<\/p>\n<p>&nbsp;<\/p>\n<h2>F\u00fctterungsempfehlung<\/h2>\n<p>&nbsp;<\/p>\n<p>Als Belohnungssnack erg\u00e4nzend zur gewohnten Hauptnahrung.<\/p>\n","protected":false},"excerpt":{"rendered":"<p>getreidefreies Erg\u00e4nzungsfutter f\u00fcr Hunde mit viel Fleisch<\/p>\n","protected":false},"featured_media":1319,"template":"","meta":[],"product_brand":[],"product_cat":[55,62],"product_tag":[],"class_list":{"0":"post-1318","1":"product","2":"type-product","3":"status-publish","4":"has-post-thumbnail","6":"product_cat-classic-dog","7":"product_cat-classic-dog-snacks","9":"first","10":"instock","11":"shipping-taxable","12":"product-type-simple"},"_links":{"self":[{"href":"https:\/\/classic-heimtiernahrung.de\/de\/wp-json\/wp\/v2\/product\/1318","targetHints":{"allow":["GET"]}}],"collection":[{"href":"https:\/\/classic-heimtiernahrung.de\/de\/wp-json\/wp\/v2\/product"}],"about":[{"href":"https:\/\/classic-heimtiernahrung.de\/de\/wp-json\/wp\/v2\/types\/product"}],"version-history":[{"count":2,"href":"https:\/\/classic-heimtiernahrung.de\/de\/wp-json\/wp\/v2\/product\/1318\/revisions"}],"predecessor-version":[{"id":1490,"href":"https:\/\/classic-heimtiernahrung.de\/de\/wp-json\/wp\/v2\/product\/1318\/revisions\/1490"}],"wp:featuredmedia":[{"embeddable":true,"href":"https:\/\/classic-heimtiernahrung.de\/de\/wp-json\/wp\/v2\/media\/1319"}],"wp:attachment":[{"href":"https:\/\/classic-heimtiernahrung.de\/de\/wp-json\/wp\/v2\/media?parent=1318"}],"wp:term":[{"taxonomy":"product_brand","embeddable":true,"href":"https:\/\/classic-heimtiernahrung.de\/de\/wp-json\/wp\/v2\/product_brand?post=1318"},{"taxonomy":"product_cat","embeddable":true,"href":"https:\/\/classic-heimtiernahrung.de\/de\/wp-json\/wp\/v2\/product_cat?post=1318"},{"taxonomy":"product_tag","embeddable":true,"href":"https:\/\/classic-heimtiernahrung.de\/de\/wp-json\/wp\/v2\/product_tag?post=1318"}],"curies":[{"name":"wp","href":"https:\/\/api.w.org\/{rel}","templated":true}]}}