{"id":1302,"date":"2022-02-16T10:13:26","date_gmt":"2022-02-16T09:13:26","guid":{"rendered":"https:\/\/relaunch.classic-heimtiernahrung.de\/product\/classic-dog-snack-miniknochen-mit-gefluegel-200g\/"},"modified":"2022-02-21T12:02:36","modified_gmt":"2022-02-21T11:02:36","slug":"classic-dog-snack-miniknochen-mit-gefluegel-200g","status":"publish","type":"product","link":"https:\/\/classic-heimtiernahrung.de\/de\/product\/classic-dog-snack-miniknochen-mit-gefluegel-200g\/","title":{"rendered":"Classic Dog Snack Miniknochen mit Gefl\u00fcgel 200g"},"content":{"rendered":"<p>Die Classic Dog Hundesnacks sind die idealen Belohnungshappen f\u00fcr zwischendurch.<\/p>\n<p>Schonend hergestellt und aus hochwertigen Zutaten sind sie in Geruch und Geschmack f\u00fcr Ihren Hund unwiderstehlich.<\/p>\n<p>Die Snacks regen zum Kauen an und unterst\u00fctzen gleichzeitig die Gesundheit von Z\u00e4hnen und Zahnfleisch.<\/p>\n<p>&nbsp;<\/p>\n<h2>Inhaltsstoffe<\/h2>\n<p>&nbsp;<\/p>\n<p>Zusammensetzung: Getreide, Fleisch und tierische Nebenerzeugnisse (min. 4 % Gefl\u00fcgel), pflanzliche Nebenerzeugnisse, pflanzliche Eiwei\u00dfextrakte, \u00d6le und Fette, Mineralstoffe<\/p>\n<p>Zusatzstoffe: Emulgatoren, Konservierungsstoffe, Aroma<\/p>\n<p>Analytische Bestandteile:<\/p>\n<p>Protein = 21 %<\/p>\n<p>Fettgehalt = 5 %<\/p>\n<p>Rohasche = 5 %<\/p>\n<p>Rohfaser = 1 %<\/p>\n<p>Feuchtegehalt = 18 %<\/p>\n<p>&nbsp;<\/p>\n<h2>F\u00fctterungsempfehlung<\/h2>\n<p>&nbsp;<\/p>\n<p>Als Belohnungssnack erg\u00e4nzend zur gewohnten Hauptnahrung.<\/p>\n","protected":false},"excerpt":{"rendered":"<p>Erg\u00e4nzungsfutter f\u00fcr Hunde, optimale Belohnung f\u00fcr kleine Rassen<\/p>\n","protected":false},"featured_media":1303,"template":"","meta":[],"product_brand":[],"product_cat":[55,62],"product_tag":[],"class_list":{"0":"post-1302","1":"product","2":"type-product","3":"status-publish","4":"has-post-thumbnail","6":"product_cat-classic-dog","7":"product_cat-classic-dog-snacks","9":"first","10":"instock","11":"shipping-taxable","12":"product-type-simple"},"_links":{"self":[{"href":"https:\/\/classic-heimtiernahrung.de\/de\/wp-json\/wp\/v2\/product\/1302","targetHints":{"allow":["GET"]}}],"collection":[{"href":"https:\/\/classic-heimtiernahrung.de\/de\/wp-json\/wp\/v2\/product"}],"about":[{"href":"https:\/\/classic-heimtiernahrung.de\/de\/wp-json\/wp\/v2\/types\/product"}],"version-history":[{"count":1,"href":"https:\/\/classic-heimtiernahrung.de\/de\/wp-json\/wp\/v2\/product\/1302\/revisions"}],"predecessor-version":[{"id":1501,"href":"https:\/\/classic-heimtiernahrung.de\/de\/wp-json\/wp\/v2\/product\/1302\/revisions\/1501"}],"wp:featuredmedia":[{"embeddable":true,"href":"https:\/\/classic-heimtiernahrung.de\/de\/wp-json\/wp\/v2\/media\/1303"}],"wp:attachment":[{"href":"https:\/\/classic-heimtiernahrung.de\/de\/wp-json\/wp\/v2\/media?parent=1302"}],"wp:term":[{"taxonomy":"product_brand","embeddable":true,"href":"https:\/\/classic-heimtiernahrung.de\/de\/wp-json\/wp\/v2\/product_brand?post=1302"},{"taxonomy":"product_cat","embeddable":true,"href":"https:\/\/classic-heimtiernahrung.de\/de\/wp-json\/wp\/v2\/product_cat?post=1302"},{"taxonomy":"product_tag","embeddable":true,"href":"https:\/\/classic-heimtiernahrung.de\/de\/wp-json\/wp\/v2\/product_tag?post=1302"}],"curies":[{"name":"wp","href":"https:\/\/api.w.org\/{rel}","templated":true}]}}