{"id":1294,"date":"2022-02-16T10:11:32","date_gmt":"2022-02-16T09:11:32","guid":{"rendered":"https:\/\/relaunch.classic-heimtiernahrung.de\/product\/classic-dog-snack-rollis-mit-lachs-500g\/"},"modified":"2022-02-21T12:07:45","modified_gmt":"2022-02-21T11:07:45","slug":"classic-dog-snack-rollis-mit-lachs-500g","status":"publish","type":"product","link":"https:\/\/classic-heimtiernahrung.de\/de\/product\/classic-dog-snack-rollis-mit-lachs-500g\/","title":{"rendered":"Classic Dog Snack Rollis mit Lachs 500g"},"content":{"rendered":"<p>Dieser \u00e4u\u00dferst schmackhafte, halbfeuchte Leckerbissen ist die ideale Belohnung f\u00fcr alle kleinen und mittelgro\u00dfen Hunde.<\/p>\n<p>&nbsp;<\/p>\n<h2>Inhaltsstoffe<\/h2>\n<p>&nbsp;<\/p>\n<p>Zusammensetzung:<br \/>\nGetreide, Fleisch und tierische Nebenprodukte (4 % Lachs), Gem\u00fcse,<\/p>\n<p>Analytische Bestandteile:<br \/>\nProtein: 20 %, Fettgehalt: 10 %, Rohfaser: 3 %, Rohasche: 4,5 %, Feuchtigkeit: 18 %<\/p>\n<p>Technologische Zusatzstoffe:<br \/>\nFarb- und Konservierungsstoffe (EG-Zusatzstoffe).<\/p>\n<p>&nbsp;<\/p>\n<h2>F\u00fctterungsempfehlung<\/h2>\n<p>&nbsp;<\/p>\n<p>Als Belohnungssnack erg\u00e4nzend zur gewohnten Hauptnahrung.<\/p>\n","protected":false},"excerpt":{"rendered":"<p>Die halbfeuchte Belohnung f\u00fcr ausgewachsene Hunde<\/p>\n","protected":false},"featured_media":1295,"template":"","meta":[],"product_brand":[],"product_cat":[55,62],"product_tag":[],"class_list":{"0":"post-1294","1":"product","2":"type-product","3":"status-publish","4":"has-post-thumbnail","6":"product_cat-classic-dog","7":"product_cat-classic-dog-snacks","9":"first","10":"instock","11":"shipping-taxable","12":"product-type-simple"},"_links":{"self":[{"href":"https:\/\/classic-heimtiernahrung.de\/de\/wp-json\/wp\/v2\/product\/1294","targetHints":{"allow":["GET"]}}],"collection":[{"href":"https:\/\/classic-heimtiernahrung.de\/de\/wp-json\/wp\/v2\/product"}],"about":[{"href":"https:\/\/classic-heimtiernahrung.de\/de\/wp-json\/wp\/v2\/types\/product"}],"version-history":[{"count":1,"href":"https:\/\/classic-heimtiernahrung.de\/de\/wp-json\/wp\/v2\/product\/1294\/revisions"}],"predecessor-version":[{"id":1505,"href":"https:\/\/classic-heimtiernahrung.de\/de\/wp-json\/wp\/v2\/product\/1294\/revisions\/1505"}],"wp:featuredmedia":[{"embeddable":true,"href":"https:\/\/classic-heimtiernahrung.de\/de\/wp-json\/wp\/v2\/media\/1295"}],"wp:attachment":[{"href":"https:\/\/classic-heimtiernahrung.de\/de\/wp-json\/wp\/v2\/media?parent=1294"}],"wp:term":[{"taxonomy":"product_brand","embeddable":true,"href":"https:\/\/classic-heimtiernahrung.de\/de\/wp-json\/wp\/v2\/product_brand?post=1294"},{"taxonomy":"product_cat","embeddable":true,"href":"https:\/\/classic-heimtiernahrung.de\/de\/wp-json\/wp\/v2\/product_cat?post=1294"},{"taxonomy":"product_tag","embeddable":true,"href":"https:\/\/classic-heimtiernahrung.de\/de\/wp-json\/wp\/v2\/product_tag?post=1294"}],"curies":[{"name":"wp","href":"https:\/\/api.w.org\/{rel}","templated":true}]}}