{"id":1286,"date":"2022-02-16T10:09:40","date_gmt":"2022-02-16T09:09:40","guid":{"rendered":"https:\/\/relaunch.classic-heimtiernahrung.de\/product\/classic-dog-snack-sporttrainer-mix-500g\/"},"modified":"2022-02-21T12:13:12","modified_gmt":"2022-02-21T11:13:12","slug":"classic-dog-snack-sporttrainer-mix-500g","status":"publish","type":"product","link":"https:\/\/classic-heimtiernahrung.de\/de\/product\/classic-dog-snack-sporttrainer-mix-500g\/","title":{"rendered":"Classic Dog Snack Sporttrainer Mix 500g"},"content":{"rendered":"<p>Dieser schmackhafte, artgerechte Leckerbissen im praktischen wiederverschlie\u00dfbaren Eimer ist die ideale Belohnung f\u00fcr alle kleinen und mittelgro\u00dfen Hunde.<\/p>\n<p>&nbsp;<\/p>\n<h2>Inhaltsstoffe<\/h2>\n<p>&nbsp;<\/p>\n<p>Zusammensetzung: Getreide (4 % Reis), Fleisch und tierische Nebenerzeugnisse (4 % Rind, 4 % Lamm, 4 % Huhn), Fisch und Fischnebenerzeugnisse(4 % Lachs), pflanzliche Nebenerzeugnisse, \u00d6le und Fette.<\/p>\n<p>Protein 20,0%<\/p>\n<p>Fettgehalt 6,0 %<\/p>\n<p>Rohasche 3,0 %<\/p>\n<p>Rohfaser 3,0 %<\/p>\n<p>Feuchtegehalt 18,0 %<\/p>\n<p>&nbsp;<\/p>\n<h2>F\u00fctterungsempfehlung<\/h2>\n<p>&nbsp;<\/p>\n<p>Als Belohnungssnack erg\u00e4nzend zur gewohnten Hauptnahrung.<\/p>\n","protected":false},"excerpt":{"rendered":"<p>Erg\u00e4nzungsfuttermittel f\u00fcr Hunde<\/p>\n","protected":false},"featured_media":1287,"template":"","meta":[],"product_brand":[],"product_cat":[55,62],"product_tag":[],"class_list":{"0":"post-1286","1":"product","2":"type-product","3":"status-publish","4":"has-post-thumbnail","6":"product_cat-classic-dog","7":"product_cat-classic-dog-snacks","9":"first","10":"instock","11":"shipping-taxable","12":"product-type-simple"},"_links":{"self":[{"href":"https:\/\/classic-heimtiernahrung.de\/de\/wp-json\/wp\/v2\/product\/1286","targetHints":{"allow":["GET"]}}],"collection":[{"href":"https:\/\/classic-heimtiernahrung.de\/de\/wp-json\/wp\/v2\/product"}],"about":[{"href":"https:\/\/classic-heimtiernahrung.de\/de\/wp-json\/wp\/v2\/types\/product"}],"version-history":[{"count":1,"href":"https:\/\/classic-heimtiernahrung.de\/de\/wp-json\/wp\/v2\/product\/1286\/revisions"}],"predecessor-version":[{"id":1509,"href":"https:\/\/classic-heimtiernahrung.de\/de\/wp-json\/wp\/v2\/product\/1286\/revisions\/1509"}],"wp:featuredmedia":[{"embeddable":true,"href":"https:\/\/classic-heimtiernahrung.de\/de\/wp-json\/wp\/v2\/media\/1287"}],"wp:attachment":[{"href":"https:\/\/classic-heimtiernahrung.de\/de\/wp-json\/wp\/v2\/media?parent=1286"}],"wp:term":[{"taxonomy":"product_brand","embeddable":true,"href":"https:\/\/classic-heimtiernahrung.de\/de\/wp-json\/wp\/v2\/product_brand?post=1286"},{"taxonomy":"product_cat","embeddable":true,"href":"https:\/\/classic-heimtiernahrung.de\/de\/wp-json\/wp\/v2\/product_cat?post=1286"},{"taxonomy":"product_tag","embeddable":true,"href":"https:\/\/classic-heimtiernahrung.de\/de\/wp-json\/wp\/v2\/product_tag?post=1286"}],"curies":[{"name":"wp","href":"https:\/\/api.w.org\/{rel}","templated":true}]}}