{"id":1250,"date":"2022-02-16T10:00:20","date_gmt":"2022-02-16T09:00:20","guid":{"rendered":"https:\/\/relaunch.classic-heimtiernahrung.de\/product\/classic-bird-exotenfutter-1kg\/"},"modified":"2022-02-21T14:39:52","modified_gmt":"2022-02-21T13:39:52","slug":"classic-bird-exotenfutter-1kg","status":"publish","type":"product","link":"https:\/\/classic-heimtiernahrung.de\/de\/product\/classic-bird-exotenfutter-1kg\/","title":{"rendered":"Classic Bird Exotenfutter 1kg"},"content":{"rendered":"<p>Classic Bird Exotenfutter<br \/>\n&#8211; optimale Ern\u00e4hrung f\u00fcr Exoten<\/p>\n<p>Classic Bird Exotenfutter ist ideal f\u00fcr alle, die ihrem Exoten ein nat\u00fcrliches und nahrhaftes Futter bieten m\u00f6chten.<br \/>\nDie spezielle Futtermischung ist optimal auf die Bed\u00fcrfnisse aller Exoten abgestimmt.<br \/>\nDurch diese ausgewogene Mischung erhalten die Exoten wertvolle Vitamine und Spurenelemente &#8211; die beste Voraussetzung f\u00fcr kr\u00e4ftiges Gefieder und ein gesundes, langes Leben.<br \/>\nDie sortenreich enthaltene Hirse z\u00e4hlt zu den mineralstoffreichsten Getreiden.<\/p>\n<p>Diese Allroundmischung bietet ein optimales Preis-\/Leistungsverh\u00e4ltnis und wird \u00fcberaus gerne von den V\u00f6geln gefressen.<\/p>\n<p>Classic Bird Exotenfutter &#8211; Produktqualit\u00e4t Made in Germany!<\/p>\n<p>&nbsp;<\/p>\n<p>&nbsp;<\/p>\n<h2>Inhaltsstoffe<\/h2>\n<p>&nbsp;<\/p>\n<p>Zusammensetzung:<br \/>\nSaaten, Getreide<\/p>\n<p>Analytische Bestandteile:<br \/>\nRohprotein: 10,50 %; Rohfett: 4,70 %; Rohfaser: 9,00 % Rohasche: 3,00 %<\/p>\n<p>Zusatzstoffe je kg: ern\u00e4hrungsphysiologische Zusatzstoffe:<br \/>\nVitamin A (E 672) 5.400 I.E.; Vitamin D3 (E 671) 750 I.E.; Vitamin E 10 mg; Eisen als Eisen-II-Sulfat, Monohydrat (E1) 1,0 mg; Kupfer als Kupfer-II-Sulfat, Pentahydrat (E4) 1 mg; Zink als Zinkoxid (E6) 1 mg; Mangan als Mangan-II-Oxid (E5) 1,5 mg; Jod als Calciumjodat, wasserfrei (E2) 10 mg<\/p>\n<p>&nbsp;<\/p>\n<h2>F\u00fctterungsempfehlung<\/h2>\n<p>&nbsp;<\/p>\n<p>F\u00fctterungshinweis:<\/p>\n<p>Sorgen Sie bitte daf\u00fcr, dass Ihr Vogel immer ausreichend Futter und Wasser hat.<\/p>\n","protected":false},"excerpt":{"rendered":"<p>Optimale Ern\u00e4hrung f\u00fcr Exoten<\/p>\n","protected":false},"featured_media":1251,"template":"","meta":[],"product_brand":[],"product_cat":[71,72],"product_tag":[],"class_list":{"0":"post-1250","1":"product","2":"type-product","3":"status-publish","4":"has-post-thumbnail","6":"product_cat-classic-bird","7":"product_cat-classic-bird-futter","9":"first","10":"instock","11":"shipping-taxable","12":"product-type-simple"},"_links":{"self":[{"href":"https:\/\/classic-heimtiernahrung.de\/de\/wp-json\/wp\/v2\/product\/1250","targetHints":{"allow":["GET"]}}],"collection":[{"href":"https:\/\/classic-heimtiernahrung.de\/de\/wp-json\/wp\/v2\/product"}],"about":[{"href":"https:\/\/classic-heimtiernahrung.de\/de\/wp-json\/wp\/v2\/types\/product"}],"version-history":[{"count":1,"href":"https:\/\/classic-heimtiernahrung.de\/de\/wp-json\/wp\/v2\/product\/1250\/revisions"}],"predecessor-version":[{"id":1527,"href":"https:\/\/classic-heimtiernahrung.de\/de\/wp-json\/wp\/v2\/product\/1250\/revisions\/1527"}],"wp:featuredmedia":[{"embeddable":true,"href":"https:\/\/classic-heimtiernahrung.de\/de\/wp-json\/wp\/v2\/media\/1251"}],"wp:attachment":[{"href":"https:\/\/classic-heimtiernahrung.de\/de\/wp-json\/wp\/v2\/media?parent=1250"}],"wp:term":[{"taxonomy":"product_brand","embeddable":true,"href":"https:\/\/classic-heimtiernahrung.de\/de\/wp-json\/wp\/v2\/product_brand?post=1250"},{"taxonomy":"product_cat","embeddable":true,"href":"https:\/\/classic-heimtiernahrung.de\/de\/wp-json\/wp\/v2\/product_cat?post=1250"},{"taxonomy":"product_tag","embeddable":true,"href":"https:\/\/classic-heimtiernahrung.de\/de\/wp-json\/wp\/v2\/product_tag?post=1250"}],"curies":[{"name":"wp","href":"https:\/\/api.w.org\/{rel}","templated":true}]}}