{"id":1248,"date":"2022-02-16T09:59:52","date_gmt":"2022-02-16T08:59:52","guid":{"rendered":"https:\/\/relaunch.classic-heimtiernahrung.de\/product\/classic-bird-grosssittichfutter-eimer-35kg\/"},"modified":"2022-02-21T14:39:53","modified_gmt":"2022-02-21T13:39:53","slug":"classic-bird-grosssittichfutter-eimer-35kg","status":"publish","type":"product","link":"https:\/\/classic-heimtiernahrung.de\/de\/product\/classic-bird-grosssittichfutter-eimer-35kg\/","title":{"rendered":"Classic Bird Gro\u00dfsittichfutter Eimer 3,5kg"},"content":{"rendered":"<p>Classic Bird Gro\u00dfsittichfutter ist ideal f\u00fcr alle, die ihrem Gro\u00dfsittich ein nat\u00fcrliches und nahrhaftes Futter bieten m\u00f6chten.<\/p>\n<p>Die gesunde Saatenmischung ist optimal auf die Bed\u00fcrfnisse aller Gro\u00dfsittiche abgestimmt.<br \/>\nDurch diese ausgewogene Mischung erh\u00e4lt der Gro\u00dfsittich lebenswichtige Vitamine und Spurenelemente, die beste Voraussetzung f\u00fcr kr\u00e4ftiges Gefieder und ein gesundes, langes Leben<\/p>\n<p>Classic Bird Gro\u00dfsittichfutter beinhaltet eine vielf\u00e4ltige Auswahl an Saaten und K\u00f6rnern besonders wichtig f\u00fcr eine abwechslungsreiche und naturnahe Ern\u00e4hrung.<\/p>\n<p>Diese Allroundmischung bietet ein optimales Preis-\/Leistungsverh\u00e4ltnis und wird \u00fcberaus gerne von den V\u00f6geln gefressen.<\/p>\n<p>Classic Bird Gro\u00dfsittichfutter &#8211; Produktqualit\u00e4t Made in Germany!<\/p>\n<p>&nbsp;<\/p>\n<h2>Inhaltsstoffe<\/h2>\n<p>&nbsp;<\/p>\n<p>Zusammensetzung:<br \/>\nSaaten, Getreide<\/p>\n<p>Analytische Bestandteile:<br \/>\nRohprotein: 12,00 %; Rohfett: 9,00 %; Rohfaser: 10,50 % Rohasche: 3,50 %<\/p>\n<p>Zusatzstoffe je kg: ern\u00e4hrungsphysiologische Zusatzstoffe:<br \/>\nVitamin A (E 672) 5.900 I.E.; Vitamin D3 (E 671) 750 I.E.; Vitamin E 17 mg; Eisen als Eisen-II-Sulfat, Monohydrat (E1) 1,0 mg; Kupfer als Kupfer-II-Sulfat, Pentahydrat (E4) 0,8 mg; Zink als Zinkoxid (E6) 1,0 mg; Mangan als Mangan-II-Oxid (E5) 1,5 mg; Jod als Calciumjodat, wasserfrei (E2) 10 mg<\/p>\n<p>&nbsp;<\/p>\n<h2>F\u00fctterungsempfehlung<\/h2>\n<p>&nbsp;<\/p>\n<p>F\u00fctterungshinweis:<\/p>\n<p>Pro Tier ca. 15-20 g am Tag. Bitte sorgen Sie daf\u00fcr, dass Ihr kleiner Freund immer ausreichend Futter und Wasser hat. Bitte entfernen Sie t\u00e4glich die leeren Saatenh\u00fclsen (Spelzen) aus dem Futternapf und f\u00fcllen Sie Ihn auf.<\/p>\n","protected":false},"excerpt":{"rendered":"<p>Optimale Ern\u00e4hrung f\u00fcr Gro\u00dfsittiche<\/p>\n","protected":false},"featured_media":1249,"template":"","meta":[],"product_brand":[],"product_cat":[71,72],"product_tag":[],"class_list":{"0":"post-1248","1":"product","2":"type-product","3":"status-publish","4":"has-post-thumbnail","6":"product_cat-classic-bird","7":"product_cat-classic-bird-futter","9":"first","10":"instock","11":"shipping-taxable","12":"product-type-simple"},"_links":{"self":[{"href":"https:\/\/classic-heimtiernahrung.de\/de\/wp-json\/wp\/v2\/product\/1248","targetHints":{"allow":["GET"]}}],"collection":[{"href":"https:\/\/classic-heimtiernahrung.de\/de\/wp-json\/wp\/v2\/product"}],"about":[{"href":"https:\/\/classic-heimtiernahrung.de\/de\/wp-json\/wp\/v2\/types\/product"}],"version-history":[{"count":1,"href":"https:\/\/classic-heimtiernahrung.de\/de\/wp-json\/wp\/v2\/product\/1248\/revisions"}],"predecessor-version":[{"id":1528,"href":"https:\/\/classic-heimtiernahrung.de\/de\/wp-json\/wp\/v2\/product\/1248\/revisions\/1528"}],"wp:featuredmedia":[{"embeddable":true,"href":"https:\/\/classic-heimtiernahrung.de\/de\/wp-json\/wp\/v2\/media\/1249"}],"wp:attachment":[{"href":"https:\/\/classic-heimtiernahrung.de\/de\/wp-json\/wp\/v2\/media?parent=1248"}],"wp:term":[{"taxonomy":"product_brand","embeddable":true,"href":"https:\/\/classic-heimtiernahrung.de\/de\/wp-json\/wp\/v2\/product_brand?post=1248"},{"taxonomy":"product_cat","embeddable":true,"href":"https:\/\/classic-heimtiernahrung.de\/de\/wp-json\/wp\/v2\/product_cat?post=1248"},{"taxonomy":"product_tag","embeddable":true,"href":"https:\/\/classic-heimtiernahrung.de\/de\/wp-json\/wp\/v2\/product_tag?post=1248"}],"curies":[{"name":"wp","href":"https:\/\/api.w.org\/{rel}","templated":true}]}}