{"id":1242,"date":"2022-02-16T09:58:28","date_gmt":"2022-02-16T08:58:28","guid":{"rendered":"https:\/\/relaunch.classic-heimtiernahrung.de\/product\/classic-bird-kanarienfutter-25kg-2\/"},"modified":"2022-02-21T14:39:53","modified_gmt":"2022-02-21T13:39:53","slug":"classic-bird-kanarienfutter-25kg-2","status":"publish","type":"product","link":"https:\/\/classic-heimtiernahrung.de\/de\/product\/classic-bird-kanarienfutter-25kg-2\/","title":{"rendered":"Classic Bird Kanarienfutter 2,5kg"},"content":{"rendered":"<p>Classic Bird Kanarienvogelfutter ist ideal f\u00fcr alle, die ihrem Vogel ein nat\u00fcrliches und nahrhaftes Futter bieten m\u00f6chten.<\/p>\n<p>Die spezielle Futtermischung ist optimal auf die Bed\u00fcrfnisse aller Kanarienv\u00f6gel abgestimmt.<br \/>\nDurch diese ausgewogene Mischung erh\u00e4lt der Kanarienvogel wertvolle Vitamine und Spurenelemente &#8211; die beste Voraussetzung f\u00fcr kr\u00e4ftiges Gefieder und ein gesundes, langes Leben.<\/p>\n<p>Diese Allroundmischung bietet ein optimales Preis-\/Leistungsverh\u00e4ltnis und wird \u00fcberaus gerne von den V\u00f6geln gefressen.<\/p>\n<p>Classic Bird Kanarienvogelfutter &#8211; Produktqualit\u00e4t Made in Germany!<\/p>\n<p>&nbsp;<\/p>\n<h2>Inhaltsstoffe<\/h2>\n<p>&nbsp;<\/p>\n<p>Zusammensetzung:<br \/>\nSaaten, \u00d6lsaaten, Getreide<\/p>\n<p>Analytische Bestandteile:<br \/>\nRohprotein: 17,00 %; Rohfett: 18,00 %; Rohfaser: 6,50 % Rohasche: 4,50 %<\/p>\n<p>Zusatzstoffe je kg: ern\u00e4hrungsphysiologische Zusatzstoffe:<br \/>\nVitamin A (E 672) 5.400 I.E.; Vitamin D3 (E 671) 750 I.E.; Vitamin E 10 mg; Eisen als Eisen-II-Sulfat, Monohydrat (E1) 0,8 mg; Kupfer als Kupfer-II-Sulfat, Pentahydrat (E4) 1 mg; Zink als Zinkoxid (E6) 1 mg; Mangan als Mangan-II-Oxid (E5) 1,5 mg; Jod als Calciumjodat, wasserfrei (E2) 7,5 mg<\/p>\n<p>&nbsp;<\/p>\n<h2>F\u00fctterungsempfehlung<\/h2>\n<p>&nbsp;<\/p>\n<p>F\u00fctterungshinweis:<\/p>\n<p>Sorgen Sie bitte daf\u00fcr, dass Ihr Vogel immer ausreichend Futter und Wasser hat.<\/p>\n","protected":false},"excerpt":{"rendered":"<p>Optimale Ern\u00e4hrung f\u00fcr Kanarienv\u00f6gel<\/p>\n","protected":false},"featured_media":1243,"template":"","meta":[],"product_brand":[],"product_cat":[71,72],"product_tag":[],"class_list":{"0":"post-1242","1":"product","2":"type-product","3":"status-publish","4":"has-post-thumbnail","6":"product_cat-classic-bird","7":"product_cat-classic-bird-futter","9":"first","10":"instock","11":"shipping-taxable","12":"product-type-simple"},"_links":{"self":[{"href":"https:\/\/classic-heimtiernahrung.de\/de\/wp-json\/wp\/v2\/product\/1242","targetHints":{"allow":["GET"]}}],"collection":[{"href":"https:\/\/classic-heimtiernahrung.de\/de\/wp-json\/wp\/v2\/product"}],"about":[{"href":"https:\/\/classic-heimtiernahrung.de\/de\/wp-json\/wp\/v2\/types\/product"}],"version-history":[{"count":1,"href":"https:\/\/classic-heimtiernahrung.de\/de\/wp-json\/wp\/v2\/product\/1242\/revisions"}],"predecessor-version":[{"id":1531,"href":"https:\/\/classic-heimtiernahrung.de\/de\/wp-json\/wp\/v2\/product\/1242\/revisions\/1531"}],"wp:featuredmedia":[{"embeddable":true,"href":"https:\/\/classic-heimtiernahrung.de\/de\/wp-json\/wp\/v2\/media\/1243"}],"wp:attachment":[{"href":"https:\/\/classic-heimtiernahrung.de\/de\/wp-json\/wp\/v2\/media?parent=1242"}],"wp:term":[{"taxonomy":"product_brand","embeddable":true,"href":"https:\/\/classic-heimtiernahrung.de\/de\/wp-json\/wp\/v2\/product_brand?post=1242"},{"taxonomy":"product_cat","embeddable":true,"href":"https:\/\/classic-heimtiernahrung.de\/de\/wp-json\/wp\/v2\/product_cat?post=1242"},{"taxonomy":"product_tag","embeddable":true,"href":"https:\/\/classic-heimtiernahrung.de\/de\/wp-json\/wp\/v2\/product_tag?post=1242"}],"curies":[{"name":"wp","href":"https:\/\/api.w.org\/{rel}","templated":true}]}}