{"id":1238,"date":"2022-02-16T09:57:35","date_gmt":"2022-02-16T08:57:35","guid":{"rendered":"https:\/\/relaunch.classic-heimtiernahrung.de\/product\/classic-bird-papageienfutter-eimer-3kg\/"},"modified":"2022-02-21T14:39:53","modified_gmt":"2022-02-21T13:39:53","slug":"classic-bird-papageienfutter-eimer-3kg","status":"publish","type":"product","link":"https:\/\/classic-heimtiernahrung.de\/de\/product\/classic-bird-papageienfutter-eimer-3kg\/","title":{"rendered":"Classic Bird Papageienfutter Eimer 3kg"},"content":{"rendered":"<p>Classic Bird Papageienfutter ist ideal f\u00fcr alle, die ihrem Papagei ein nat\u00fcrliches und nahrhaftes Futter bieten m\u00f6chten.<\/p>\n<p>Die spezielle Futtermischung ist optimal auf die Bed\u00fcrfnisse aller Papageien abgestimmt.<br \/>\nDurch diese ausgewogene Mischung erh\u00e4lt der Papagei lebenswichtige Vitamine und Spurenelemente, die beste Voraussetzung f\u00fcr kr\u00e4ftiges Gefieder und ein gesundes, langes Leben.<\/p>\n<p>Die enthaltenen Erdnusskerne sind bei Papageien besonders beliebt &#8211; durch den hohen Eiwei\u00dfgehalt besitzen sie einen besonders hohen N\u00e4hrwert.<br \/>\nErdn\u00fcsse sind reich an wertvollem Zink und geh\u00f6ren zu den magnesiumreichsten pflanzlichen Nahrungsmitteln.<\/p>\n<p>Diese Allroundmischung bietet ein optimales Preis-\/Leistungsverh\u00e4ltnis und wird \u00fcberaus gerne von den V\u00f6geln gefressen.<\/p>\n<p>Classic Bird Papageienfutter &#8211; Produktqualit\u00e4t Made in Germany!<\/p>\n<p>&nbsp;<\/p>\n<h2>Inhaltsstoffe<\/h2>\n<p>&nbsp;<\/p>\n<p>Zusammensetzung:<br \/>\nSaaten, Getreide, N\u00fcsse<\/p>\n<p>Analytische Bestandteile:<br \/>\nRohprotein: 13,00 %; Rohfett: 17,00 %; Rohfaser: 18,00 %: Rohasche: 3,00 %<\/p>\n<p>Zusatzstoffe je kg: ern\u00e4hrungsphysiologische Zusatzstoffe:<br \/>\nVitamin A (E 672) 6.000 I.E.; Vitamin D3 (E 671) 600 I.E.; Vitamin E 20 mg; Eisen als Eisen-II-Sulfat, Monohydrat (E1) 1,0 mg; Kupfer als Kupfer-II-Sulfat, Pentahydrat (E4) 1,0 mg; Zink als Zinkoxid (E6) 1,0 mg; Mangan als Mangan-II-Oxid (E5) 1,5 mg; Jod als Calciumjodat, wasserfrei (E2) 10 mg<\/p>\n<p>&nbsp;<\/p>\n<h2>F\u00fctterungsempfehlung<\/h2>\n<p>&nbsp;<\/p>\n<p>F\u00fctterungshinweis:<\/p>\n<p>Sie sollten daf\u00fcr sorgen, dass Ihre Papageien immer ausreichend Futter und Wasser haben. Die leeren Saatenh\u00fclsen (Spelzen) entfernen Sie bitte aus dem Futternapf.<\/p>\n","protected":false},"excerpt":{"rendered":"<p>Optimale Ern\u00e4hrung f\u00fcr Papageien<\/p>\n","protected":false},"featured_media":1239,"template":"","meta":[],"product_brand":[],"product_cat":[71,72],"product_tag":[],"class_list":{"0":"post-1238","1":"product","2":"type-product","3":"status-publish","4":"has-post-thumbnail","6":"product_cat-classic-bird","7":"product_cat-classic-bird-futter","9":"first","10":"instock","11":"shipping-taxable","12":"product-type-simple"},"_links":{"self":[{"href":"https:\/\/classic-heimtiernahrung.de\/de\/wp-json\/wp\/v2\/product\/1238","targetHints":{"allow":["GET"]}}],"collection":[{"href":"https:\/\/classic-heimtiernahrung.de\/de\/wp-json\/wp\/v2\/product"}],"about":[{"href":"https:\/\/classic-heimtiernahrung.de\/de\/wp-json\/wp\/v2\/types\/product"}],"version-history":[{"count":1,"href":"https:\/\/classic-heimtiernahrung.de\/de\/wp-json\/wp\/v2\/product\/1238\/revisions"}],"predecessor-version":[{"id":1533,"href":"https:\/\/classic-heimtiernahrung.de\/de\/wp-json\/wp\/v2\/product\/1238\/revisions\/1533"}],"wp:featuredmedia":[{"embeddable":true,"href":"https:\/\/classic-heimtiernahrung.de\/de\/wp-json\/wp\/v2\/media\/1239"}],"wp:attachment":[{"href":"https:\/\/classic-heimtiernahrung.de\/de\/wp-json\/wp\/v2\/media?parent=1238"}],"wp:term":[{"taxonomy":"product_brand","embeddable":true,"href":"https:\/\/classic-heimtiernahrung.de\/de\/wp-json\/wp\/v2\/product_brand?post=1238"},{"taxonomy":"product_cat","embeddable":true,"href":"https:\/\/classic-heimtiernahrung.de\/de\/wp-json\/wp\/v2\/product_cat?post=1238"},{"taxonomy":"product_tag","embeddable":true,"href":"https:\/\/classic-heimtiernahrung.de\/de\/wp-json\/wp\/v2\/product_tag?post=1238"}],"curies":[{"name":"wp","href":"https:\/\/api.w.org\/{rel}","templated":true}]}}