{"id":1234,"date":"2022-02-16T09:56:43","date_gmt":"2022-02-16T08:56:43","guid":{"rendered":"https:\/\/relaunch.classic-heimtiernahrung.de\/product\/classic-bird-wellensittichfutter-25kg\/"},"modified":"2022-02-21T14:39:53","modified_gmt":"2022-02-21T13:39:53","slug":"classic-bird-wellensittichfutter-25kg","status":"publish","type":"product","link":"https:\/\/classic-heimtiernahrung.de\/de\/product\/classic-bird-wellensittichfutter-25kg\/","title":{"rendered":"Classic Bird Wellensittichfutter 2,5kg"},"content":{"rendered":"<p>Classic Bird Wellensittichfutter ist ideal f\u00fcr alle, die ihrem Wellensittich ein nat\u00fcrliches und nahrhaftes Futter bieten m\u00f6chten.<\/p>\n<p>Die spezielle Saatenmischung ist optimal auf die Bed\u00fcrfnisse aller Wellensittiche abgestimmt.<\/p>\n<p>Durch diese ausgewogene Mischung erh\u00e4lt ihr Wellensittich die lebenswichtigen Vitamine und Spurenelemente, f\u00fcr kr\u00e4ftiges Gefieder und ein gesundes, langes Leben.<\/p>\n<p>Diese Allroundmischung bietet ein optimales Preis-\/Leistungsverh\u00e4ltnis und wird \u00fcberaus gerne von den V\u00f6geln gefressen.<\/p>\n<p>Classic Bird Wellensittichfutter &#8211; Produktqualit\u00e4t Made in Germany!<\/p>\n<p>&nbsp;<\/p>\n<h2>Inhaltsstoffe<\/h2>\n<p>&nbsp;<\/p>\n<p>Zusammensetzung:<br \/>\nSaaten, Getreide<\/p>\n<p>Analytische Bestandteile:<br \/>\nRohprotein: 11,00 %; Rohfett: 4,50 %; Rohfaser: 9,00 % Rohasche: 3,00 %<\/p>\n<p>Zusatzstoffe je kg: ern\u00e4hrungsphysiologische Zusatzstoffe:<br \/>\nVitamin A (E 672) 5.400 I.E.; Vitamin D3 (E 671) 750 I.E.; Vitamin E 10 mg; Eisen als Eisen-II-Sulfat, Monohydrat (E1) 0,8 mg; Kupfer als Kupfer-II-Sulfat, Pentahydrat (E4) 1 mg; Zink als Zinkoxid (E6) 1 mg; Mangan als Mangan-II-Oxid (E5) 1,8 mg; Jod als Calciumjodat, wasserfrei (E2) 5 mg<\/p>\n<p>&nbsp;<\/p>\n<h2>F\u00fctterungsempfehlung<\/h2>\n<p>&nbsp;<\/p>\n<p>F\u00fctterungshinweis:<\/p>\n<p>Sorgen Sie bitte daf\u00fcr, dass Ihr Vogel immer ausreichend Futter und Wasser hat<\/p>\n","protected":false},"excerpt":{"rendered":"<p>Optimale Ern\u00e4hrung f\u00fcr Wellensittiche<\/p>\n","protected":false},"featured_media":1235,"template":"","meta":[],"product_brand":[],"product_cat":[71,72],"product_tag":[],"class_list":{"0":"post-1234","1":"product","2":"type-product","3":"status-publish","4":"has-post-thumbnail","6":"product_cat-classic-bird","7":"product_cat-classic-bird-futter","9":"first","10":"instock","11":"shipping-taxable","12":"product-type-simple"},"_links":{"self":[{"href":"https:\/\/classic-heimtiernahrung.de\/de\/wp-json\/wp\/v2\/product\/1234","targetHints":{"allow":["GET"]}}],"collection":[{"href":"https:\/\/classic-heimtiernahrung.de\/de\/wp-json\/wp\/v2\/product"}],"about":[{"href":"https:\/\/classic-heimtiernahrung.de\/de\/wp-json\/wp\/v2\/types\/product"}],"version-history":[{"count":1,"href":"https:\/\/classic-heimtiernahrung.de\/de\/wp-json\/wp\/v2\/product\/1234\/revisions"}],"predecessor-version":[{"id":1535,"href":"https:\/\/classic-heimtiernahrung.de\/de\/wp-json\/wp\/v2\/product\/1234\/revisions\/1535"}],"wp:featuredmedia":[{"embeddable":true,"href":"https:\/\/classic-heimtiernahrung.de\/de\/wp-json\/wp\/v2\/media\/1235"}],"wp:attachment":[{"href":"https:\/\/classic-heimtiernahrung.de\/de\/wp-json\/wp\/v2\/media?parent=1234"}],"wp:term":[{"taxonomy":"product_brand","embeddable":true,"href":"https:\/\/classic-heimtiernahrung.de\/de\/wp-json\/wp\/v2\/product_brand?post=1234"},{"taxonomy":"product_cat","embeddable":true,"href":"https:\/\/classic-heimtiernahrung.de\/de\/wp-json\/wp\/v2\/product_cat?post=1234"},{"taxonomy":"product_tag","embeddable":true,"href":"https:\/\/classic-heimtiernahrung.de\/de\/wp-json\/wp\/v2\/product_tag?post=1234"}],"curies":[{"name":"wp","href":"https:\/\/api.w.org\/{rel}","templated":true}]}}