{"id":1228,"date":"2022-02-16T09:55:20","date_gmt":"2022-02-16T08:55:20","guid":{"rendered":"https:\/\/relaunch.classic-heimtiernahrung.de\/product\/classic-friends-meerschweinchenfutter-1kg\/"},"modified":"2022-02-21T15:03:06","modified_gmt":"2022-02-21T14:03:06","slug":"classic-friends-meerschweinchenfutter-1kg","status":"publish","type":"product","link":"https:\/\/classic-heimtiernahrung.de\/de\/product\/classic-friends-meerschweinchenfutter-1kg\/","title":{"rendered":"Classic Friends Meerschweinchenfutter 1kg"},"content":{"rendered":"<p>Classic Friends Meerschweinchenfutter enth\u00e4lt eine ausgewogene Mischung an N\u00e4hrstoffen und Vitaminen, mit der Sie Ihrem Meerschweinchen Vitalit\u00e4t und Lebensfreude schenken.<\/p>\n<p>Classic Friends Meerschweinchenfutter ist optimal auf die Bed\u00fcrfnisse von Meerschweinchen abgestimmt.<\/p>\n<p>Die hochwertigen Zutaten und Inhaltsstoffe gew\u00e4hrleisten eine artgerechte, nat\u00fcrliche Ern\u00e4hrung, sind sehr bek\u00f6mmlich, f\u00f6rdern die Gesundheit und unterst\u00fctzen das Immunsystem.<\/p>\n<p>Diese Allroundmischung enth\u00e4lt keine Farb- und Konservierungsstoffe.<\/p>\n<p>Classic Friends &#8211; Nur das Beste f\u00fcr Ihre Nager!<\/p>\n<p>&nbsp;<\/p>\n<h2>Inhaltsstoffe<\/h2>\n<p>&nbsp;<\/p>\n<p>Zusammensetzung:<br \/>\nGetreide; Pflanzliche Nebenerzeugnisse; Fr\u00fcchte; Saaten; Mineralstoffe<\/p>\n<p>Analytische Bestandteile:<br \/>\nRohprotein: 11,00 %; Rohfett: 3,00 %; Rohfaser: 9,50 % Rohasche: 4,00 %<\/p>\n<p>Zusatzstoffe je kg: ern\u00e4hrungsphysiologische Zusatzstoffe:<br \/>\nVitamin A ( E 672) 7.800 I.E.; Vitamin D3 ( E 671) 850 I.E.; Vitamin E 30 mg; Vitamin C 200 mg; Eisen als Eisen-II-Sulfat, Monohydrat (E1) 50 mg; Kupfer als Kupfer-II-Sulfat, Pentahydrat (E4) 4 mg; Zink als Zinkoxid (E6) 45 mg; Mangan als Mangan-II-Oxid (E5) 35 mg; Jod als Calciumjodat, wasserfrei (E2) 0,75 mg; Kobalt als basisches Kobalt-II-carbonat, Monohydrat (E3) 0,3 mg; Selen als Natriumselenit (E8) 0,18 mg<\/p>\n<p>&nbsp;<\/p>\n<h2>F\u00fctterungsempfehlung<\/h2>\n<p>&nbsp;<\/p>\n<p>F\u00fctterungshinweis:<\/p>\n<p>Pro Tier ca. 10-15 g (1 Essl\u00f6ffel) am Tag. Bitte sorgen sie daf\u00fcr,<br \/>\ndass Ihr kleiner Freund immer ausreichend Futter und Wasser hat. Wir empfehlen Ihnen<br \/>\nregelm\u00e4\u00dfig kleinere Mengen Obst, Gem\u00fcse und Gr\u00fcnfutter anzubieten<\/p>\n","protected":false},"excerpt":{"rendered":"<p>Preisg\u00fcnstiges Alleinfutter f\u00fcr alle Meerschweinchen<\/p>\n","protected":false},"featured_media":1229,"template":"","meta":[],"product_brand":[],"product_cat":[68,69],"product_tag":[],"class_list":{"0":"post-1228","1":"product","2":"type-product","3":"status-publish","4":"has-post-thumbnail","6":"product_cat-classic-friends","7":"product_cat-classic-friends-futter","9":"first","10":"instock","11":"shipping-taxable","12":"product-type-simple"},"_links":{"self":[{"href":"https:\/\/classic-heimtiernahrung.de\/de\/wp-json\/wp\/v2\/product\/1228","targetHints":{"allow":["GET"]}}],"collection":[{"href":"https:\/\/classic-heimtiernahrung.de\/de\/wp-json\/wp\/v2\/product"}],"about":[{"href":"https:\/\/classic-heimtiernahrung.de\/de\/wp-json\/wp\/v2\/types\/product"}],"version-history":[{"count":1,"href":"https:\/\/classic-heimtiernahrung.de\/de\/wp-json\/wp\/v2\/product\/1228\/revisions"}],"predecessor-version":[{"id":1538,"href":"https:\/\/classic-heimtiernahrung.de\/de\/wp-json\/wp\/v2\/product\/1228\/revisions\/1538"}],"wp:featuredmedia":[{"embeddable":true,"href":"https:\/\/classic-heimtiernahrung.de\/de\/wp-json\/wp\/v2\/media\/1229"}],"wp:attachment":[{"href":"https:\/\/classic-heimtiernahrung.de\/de\/wp-json\/wp\/v2\/media?parent=1228"}],"wp:term":[{"taxonomy":"product_brand","embeddable":true,"href":"https:\/\/classic-heimtiernahrung.de\/de\/wp-json\/wp\/v2\/product_brand?post=1228"},{"taxonomy":"product_cat","embeddable":true,"href":"https:\/\/classic-heimtiernahrung.de\/de\/wp-json\/wp\/v2\/product_cat?post=1228"},{"taxonomy":"product_tag","embeddable":true,"href":"https:\/\/classic-heimtiernahrung.de\/de\/wp-json\/wp\/v2\/product_tag?post=1228"}],"curies":[{"name":"wp","href":"https:\/\/api.w.org\/{rel}","templated":true}]}}