{"id":1226,"date":"2022-02-16T09:54:52","date_gmt":"2022-02-16T08:54:52","guid":{"rendered":"https:\/\/relaunch.classic-heimtiernahrung.de\/product\/classic-friends-zwergkaninchenfutter-eimer-3kg\/"},"modified":"2022-02-21T15:03:07","modified_gmt":"2022-02-21T14:03:07","slug":"classic-friends-zwergkaninchenfutter-eimer-3kg","status":"publish","type":"product","link":"https:\/\/classic-heimtiernahrung.de\/de\/product\/classic-friends-zwergkaninchenfutter-eimer-3kg\/","title":{"rendered":"Classic Friends Zwergkaninchenfutter Eimer 3kg"},"content":{"rendered":"<p>Classic Friends Zwergkaninchenfutter enth\u00e4lt eine ausgewogene Mischung an N\u00e4hrstoffen und Vitaminen, mit der Sie Ihrem Zwergkaninchen Vitalit\u00e4t und Lebensfreude schenken.<\/p>\n<p>Classic Friends Zwergkaninchenfutter ist optimal auf die Bed\u00fcrfnisse von Zwergkaninchen abgestimmt.<\/p>\n<p>Die hochwertigen Zutaten und Inhaltsstoffe gew\u00e4hrleisten eine artgerechte, nat\u00fcrliche Ern\u00e4hrung, sind bek\u00f6mmlich, f\u00f6rdern die Gesundheit und unterst\u00fctzen das Immunsystem.<\/p>\n<p>Diese Allroundmischung enth\u00e4lt keine Farb- und Konservierungsstoffe.<\/p>\n<p>Classic Friends &#8211; Nur das Beste f\u00fcr Ihre Nager!<\/p>\n<p>&nbsp;<\/p>\n<h2>Inhaltsstoffe<\/h2>\n<p>&nbsp;<\/p>\n<p>Zusammensetzung:<br \/>\nGetreide; Pflanzliche Nebenerzeugnisse; Fr\u00fcchte; Gem\u00fcse; Saaten; Mineralstoff<\/p>\n<p>Analytische Bestandteile:<br \/>\nRohprotein: 11,20 %; Rohfett: 3,30 %; Rohfaser: 9,00 % Rohasche: 6,00 %<\/p>\n<p>Zusatzstoffe je kg: ern\u00e4hrungsphysiologische Zusatzstoffe:<br \/>\nVitamin A ( E 672) 4.500 I.E.; Vitamin D3 ( E 671) 750 I.E.; Vitamin E 25 mg; Vitamin C 150 mg; Eisen als Eisen-II-Sulfat, Monohydrat (E1) 45 mg; Kupfer als Kupfer-II-Sulfat, Pentahydrat (E4) 5 mg; Zink als Zinkoxid (E6) 35 mg; Mangan als Mangan-II-Oxid (E5) 25 mg; Jod als Calciumjodat, wasserfrei (E2) 0,5 mg; Kobalt als basisches Kobalt-II-carbonat, Monohydrat (E3) 0,2 mg; Selen als Natriumselenit (E8) 0,15 mg<\/p>\n<p>&nbsp;<\/p>\n<h2>F\u00fctterungsempfehlung<\/h2>\n<p>&nbsp;<\/p>\n<p>F\u00fctterungshinweis:<\/p>\n<p>Pro Tier ca. 50-60 g (4-5 Essl\u00f6ffel) am Tag und Heu. Wir empfehlen Ihnen regelm\u00e4\u00dfig kleinere Mengen Obst, Gem\u00fcse und Gr\u00fcnfutter anzubieten. Bitte sorgen sie daf\u00fcr,<br \/>\ndass Ihr kleiner Freund immer ausreichend Futter und Wasser hat.<\/p>\n","protected":false},"excerpt":{"rendered":"<p>Preisg\u00fcnstiges Alleinfutter f\u00fcr alle Zwergkaninchen<\/p>\n","protected":false},"featured_media":1227,"template":"","meta":[],"product_brand":[],"product_cat":[68,69],"product_tag":[],"class_list":{"0":"post-1226","1":"product","2":"type-product","3":"status-publish","4":"has-post-thumbnail","6":"product_cat-classic-friends","7":"product_cat-classic-friends-futter","9":"first","10":"instock","11":"shipping-taxable","12":"product-type-simple"},"_links":{"self":[{"href":"https:\/\/classic-heimtiernahrung.de\/de\/wp-json\/wp\/v2\/product\/1226","targetHints":{"allow":["GET"]}}],"collection":[{"href":"https:\/\/classic-heimtiernahrung.de\/de\/wp-json\/wp\/v2\/product"}],"about":[{"href":"https:\/\/classic-heimtiernahrung.de\/de\/wp-json\/wp\/v2\/types\/product"}],"version-history":[{"count":1,"href":"https:\/\/classic-heimtiernahrung.de\/de\/wp-json\/wp\/v2\/product\/1226\/revisions"}],"predecessor-version":[{"id":1539,"href":"https:\/\/classic-heimtiernahrung.de\/de\/wp-json\/wp\/v2\/product\/1226\/revisions\/1539"}],"wp:featuredmedia":[{"embeddable":true,"href":"https:\/\/classic-heimtiernahrung.de\/de\/wp-json\/wp\/v2\/media\/1227"}],"wp:attachment":[{"href":"https:\/\/classic-heimtiernahrung.de\/de\/wp-json\/wp\/v2\/media?parent=1226"}],"wp:term":[{"taxonomy":"product_brand","embeddable":true,"href":"https:\/\/classic-heimtiernahrung.de\/de\/wp-json\/wp\/v2\/product_brand?post=1226"},{"taxonomy":"product_cat","embeddable":true,"href":"https:\/\/classic-heimtiernahrung.de\/de\/wp-json\/wp\/v2\/product_cat?post=1226"},{"taxonomy":"product_tag","embeddable":true,"href":"https:\/\/classic-heimtiernahrung.de\/de\/wp-json\/wp\/v2\/product_tag?post=1226"}],"curies":[{"name":"wp","href":"https:\/\/api.w.org\/{rel}","templated":true}]}}