{"id":1220,"date":"2022-02-16T09:53:36","date_gmt":"2022-02-16T08:53:36","guid":{"rendered":"https:\/\/relaunch.classic-heimtiernahrung.de\/product\/classic-friends-nagerkrokant-eimer-3kg\/"},"modified":"2022-02-21T15:03:08","modified_gmt":"2022-02-21T14:03:08","slug":"classic-friends-nagerkrokant-eimer-3kg","status":"publish","type":"product","link":"https:\/\/classic-heimtiernahrung.de\/de\/product\/classic-friends-nagerkrokant-eimer-3kg\/","title":{"rendered":"Classic Friends Nagerkrokant Eimer 3kg"},"content":{"rendered":"<p>Classic Friends Nagerfutter krokant enth\u00e4lt eine ausgewogene Mischung an N\u00e4hrstoffen und Vitaminen, mit der Sie allen Nagetieren Vitalit\u00e4t und Lebensfreude schenken.<\/p>\n<p>Classic Friends Nagerfutter krokant ist optimal auf die Bed\u00fcrfnisse der Nager abgestimmt.<\/p>\n<p>Die hochwertigen Zutaten und Inhaltsstoffe gew\u00e4hrleisten eine artgerechte, nat\u00fcrliche Ern\u00e4hrung, sind bek\u00f6mmlich und unterst\u00fctzen die Gesundheit.<\/p>\n<p>Diese Top-Mischung enth\u00e4lt keine Pellets und ist spezielle f\u00fcr schwierige Fresser oder Futterverweigerer geeignet.Die Tiere lieben einfach den Geschmack, insbesondere da auf die Beimischung von Pellets (F\u00fcllstoffe) verzichtet wird.<\/p>\n<p>Diese Allroundmischung enth\u00e4lt keine Farb- und Konservierungsstoffe.<\/p>\n<p>Classic Friends &#8211; Nur das Beste f\u00fcr Ihre Nager!<\/p>\n<p>&nbsp;<\/p>\n<h2>Inhaltsstoffe<\/h2>\n<p>&nbsp;<\/p>\n<p>Zusammensetzung:<br \/>\nGetreide; Pflanzliche Nebenerzeugnisse; N\u00fcsse; Fr\u00fcchte; Gem\u00fcse; Saaten; Mineralstoffe; \u00d6le und Fette<\/p>\n<p>Analytische Bestandteile: Rohprotein:<br \/>\n13,0 %; Rohfett: 9,8 %; Rohfaser: 5,0 % Rohasche: 4,0 %<\/p>\n<p>Zusatzstoffe je kg: ern\u00e4hrungsphysiologische Zusatzstoffe:<br \/>\nVitamin A ( E 672) 3.500 I.E.; Vitamin D3 ( E 671) 450 I.E.; Vitamin E 40 mg; Vitamin C 250 mg; Eisen als Eisen-II-Sulfat, Monohydrat (E1) 15 mg; Kupfer als Kupfer-II-Sulfat, Pentahydrat (E4) 3 mg; Zink als Zinkoxid (E6) 15 mg; Mangan als Mangan-II-Oxid (E5) 10 mg; Jod als Calciumjodat, wasserfrei (E2) 0,1 mg; Kobalt als basisches Kobalt-II-carbonat, Monohydrat (E3) 0,1 mg; Selen als Natriumselenit (E8) 0,1 mg<\/p>\n<p>&nbsp;<\/p>\n<h2>F\u00fctterungsempfehlung<\/h2>\n<p>&nbsp;<\/p>\n<p>F\u00fctterungshinweis:<\/p>\n<p>Bitte sorgen Sie daf\u00fcr, dass Ihr kleiner Freund immer ausreichend Futter und Wasser hat. Classic Friends Nagerkrokant kann ohne Beschr\u00e4nkung angeboten werden.<\/p>\n","protected":false},"excerpt":{"rendered":"<p>Preiswertes Nagerfutter ohne Pellets<\/p>\n","protected":false},"featured_media":1221,"template":"","meta":[],"product_brand":[],"product_cat":[68,69],"product_tag":[],"class_list":{"0":"post-1220","1":"product","2":"type-product","3":"status-publish","4":"has-post-thumbnail","6":"product_cat-classic-friends","7":"product_cat-classic-friends-futter","9":"first","10":"instock","11":"shipping-taxable","12":"product-type-simple"},"_links":{"self":[{"href":"https:\/\/classic-heimtiernahrung.de\/de\/wp-json\/wp\/v2\/product\/1220","targetHints":{"allow":["GET"]}}],"collection":[{"href":"https:\/\/classic-heimtiernahrung.de\/de\/wp-json\/wp\/v2\/product"}],"about":[{"href":"https:\/\/classic-heimtiernahrung.de\/de\/wp-json\/wp\/v2\/types\/product"}],"version-history":[{"count":1,"href":"https:\/\/classic-heimtiernahrung.de\/de\/wp-json\/wp\/v2\/product\/1220\/revisions"}],"predecessor-version":[{"id":1542,"href":"https:\/\/classic-heimtiernahrung.de\/de\/wp-json\/wp\/v2\/product\/1220\/revisions\/1542"}],"wp:featuredmedia":[{"embeddable":true,"href":"https:\/\/classic-heimtiernahrung.de\/de\/wp-json\/wp\/v2\/media\/1221"}],"wp:attachment":[{"href":"https:\/\/classic-heimtiernahrung.de\/de\/wp-json\/wp\/v2\/media?parent=1220"}],"wp:term":[{"taxonomy":"product_brand","embeddable":true,"href":"https:\/\/classic-heimtiernahrung.de\/de\/wp-json\/wp\/v2\/product_brand?post=1220"},{"taxonomy":"product_cat","embeddable":true,"href":"https:\/\/classic-heimtiernahrung.de\/de\/wp-json\/wp\/v2\/product_cat?post=1220"},{"taxonomy":"product_tag","embeddable":true,"href":"https:\/\/classic-heimtiernahrung.de\/de\/wp-json\/wp\/v2\/product_tag?post=1220"}],"curies":[{"name":"wp","href":"https:\/\/api.w.org\/{rel}","templated":true}]}}