{"id":1210,"date":"2022-02-16T09:51:21","date_gmt":"2022-02-16T08:51:21","guid":{"rendered":"https:\/\/relaunch.classic-heimtiernahrung.de\/product\/classic-friends-universal-nagerfutter-1kg\/"},"modified":"2022-02-21T15:03:10","modified_gmt":"2022-02-21T14:03:10","slug":"classic-friends-universal-nagerfutter-1kg","status":"publish","type":"product","link":"https:\/\/classic-heimtiernahrung.de\/de\/product\/classic-friends-universal-nagerfutter-1kg\/","title":{"rendered":"Classic Friends Universal Nagerfutter 1kg"},"content":{"rendered":"<p>Classic Friends Nagerfutter enth\u00e4lt eine ausgewogene Mischung an N\u00e4hrstoffen und Vitaminen, mit der Sie allen Nagetieren Vitalit\u00e4t und Lebensfreude schenken.<\/p>\n<p>Classic Friends Nagerfutter ist optimal auf die Bed\u00fcrfnisse der Nager abgestimmt.<\/p>\n<p>Die hochwertigen Zutaten und Inhaltsstoffe gew\u00e4hrleisten eine artgerechte, nat\u00fcrliche Ern\u00e4hrung, sind bek\u00f6mmlich und unterst\u00fctzen die Gesundheit.<\/p>\n<p>Diese Allroundmischung enth\u00e4lt keine Farb- und Konservierungsstoffe und kann Problemlos an Zwergkaninchen, Meerschweinchen, Hamster, sowie Chinchilla, Degus etc. gef\u00fcttert werden.<\/p>\n<p>Classic Friends &#8211; Nur das Beste f\u00fcr Ihre Nager!<\/p>\n<p>&nbsp;<\/p>\n<h2>Inhaltsstoffe<\/h2>\n<p>&nbsp;<\/p>\n<p>Zusammensetzung:<br \/>\nGetreide; Pflanzliche Nebenerzeugnisse; Fr\u00fcchte; Gem\u00fcse; Saaten \u00d6le und Fette; Mineralstoffe<\/p>\n<p>Analytische Bestandteile:<br \/>\nRohprotein: 11,0 %; Rohfett: 3,5 %; Rohfaser: 9,0 % Rohasche: 5,0 %<\/p>\n<p>Zusatzstoffe je kg: ern\u00e4hrungsphysiologische Zusatzstoffe:<br \/>\nVitamin A (E 672) 4.500 I.E.; Vitamin D3 (E 671) 500 I.E.; Vitamin E 30 mg; Vitamin C 200 mg; Eisen als Eisen-II-Sulfat, Monohydrat (E1) 45 mg; Kupfer als Kupfer-II-Sulfat,Pentahydrat (E4) 5 mg; Zink als Zinkoxid (E6) 35 mg; Mangan als Mangan-II-Oxid (E5) 25 mg; Jod als Calciumjodat, wasserfrei (E2) 0,5 mg; Kobalt als basisches Kobalt-II-carbonat, Monohydrat (E3) 0,2 mg; Selen als Natriumselenit (E8) 0,15 mg<\/p>\n<p>&nbsp;<\/p>\n<h2>F\u00fctterungsempfehlung<\/h2>\n<p>&nbsp;<\/p>\n<p>F\u00fctterungshinweis:<\/p>\n<p>Pro Tier ca. 50-60 g (4-5 Essl\u00f6ffel) am Tag und Heu. Wir empfehlen Ihnen regelm\u00e4\u00dfig kleinere Mengen Obst, Gem\u00fcse und Gr\u00fcnfutter anzubieten. Bitte sorgen sie daf\u00fcr,<br \/>\ndass Ihr kleiner Freund immer ausreichend Futter und Wasser hat<\/p>\n","protected":false},"excerpt":{"rendered":"<p>Preisg\u00fcnstiges Alleinfutter f\u00fcr alle Nagetiere<\/p>\n","protected":false},"featured_media":1211,"template":"","meta":[],"product_brand":[],"product_cat":[68,69],"product_tag":[],"class_list":{"0":"post-1210","1":"product","2":"type-product","3":"status-publish","4":"has-post-thumbnail","6":"product_cat-classic-friends","7":"product_cat-classic-friends-futter","9":"first","10":"instock","11":"shipping-taxable","12":"product-type-simple"},"_links":{"self":[{"href":"https:\/\/classic-heimtiernahrung.de\/de\/wp-json\/wp\/v2\/product\/1210","targetHints":{"allow":["GET"]}}],"collection":[{"href":"https:\/\/classic-heimtiernahrung.de\/de\/wp-json\/wp\/v2\/product"}],"about":[{"href":"https:\/\/classic-heimtiernahrung.de\/de\/wp-json\/wp\/v2\/types\/product"}],"version-history":[{"count":1,"href":"https:\/\/classic-heimtiernahrung.de\/de\/wp-json\/wp\/v2\/product\/1210\/revisions"}],"predecessor-version":[{"id":1547,"href":"https:\/\/classic-heimtiernahrung.de\/de\/wp-json\/wp\/v2\/product\/1210\/revisions\/1547"}],"wp:featuredmedia":[{"embeddable":true,"href":"https:\/\/classic-heimtiernahrung.de\/de\/wp-json\/wp\/v2\/media\/1211"}],"wp:attachment":[{"href":"https:\/\/classic-heimtiernahrung.de\/de\/wp-json\/wp\/v2\/media?parent=1210"}],"wp:term":[{"taxonomy":"product_brand","embeddable":true,"href":"https:\/\/classic-heimtiernahrung.de\/de\/wp-json\/wp\/v2\/product_brand?post=1210"},{"taxonomy":"product_cat","embeddable":true,"href":"https:\/\/classic-heimtiernahrung.de\/de\/wp-json\/wp\/v2\/product_cat?post=1210"},{"taxonomy":"product_tag","embeddable":true,"href":"https:\/\/classic-heimtiernahrung.de\/de\/wp-json\/wp\/v2\/product_tag?post=1210"}],"curies":[{"name":"wp","href":"https:\/\/api.w.org\/{rel}","templated":true}]}}