{"id":1208,"date":"2022-02-16T09:50:53","date_gmt":"2022-02-16T08:50:53","guid":{"rendered":"https:\/\/relaunch.classic-heimtiernahrung.de\/product\/classic-cat-katzenstreu-extra-attapulgit-20l\/"},"modified":"2025-01-06T10:16:45","modified_gmt":"2025-01-06T09:16:45","slug":"classic-cat-katzenstreu-extra-attapulgit-20l","status":"publish","type":"product","link":"https:\/\/classic-heimtiernahrung.de\/de\/product\/classic-cat-katzenstreu-extra-attapulgit-20l\/","title":{"rendered":"Classic Cat Katzenstreu Extra Attapulgit 20l"},"content":{"rendered":"<p>Dank seiner super Saugkraft bindet Classic Cat Extra Katzenstreu auf nat\u00fcrliche Weise Fl\u00fcssigkeit sofort und verhindert zuverl\u00e4ssig schlechte Ger\u00fcche bevor sie entstehen. Classic Cat Extra Katzenstreu ist 100 % umweltschonend.<\/p>\n<p>Classic Cat Extra Katzenstreu besteht aus sorgf\u00e4ltig ausgew\u00e4hlten wei\u00dfen Hygienek\u00f6rnern.<\/p>\n<p>Die K\u00f6rner werden im Herkunftsland mehrere Male gebrochen, gesiebt und getrocknet.<\/p>\n<p>Die extreme Saugkraft der Hygienek\u00f6rner garantiert schnelles Einschlie\u00dfen von Fl\u00fcssigkeiten und Ger\u00fcchen.<\/p>\n<p>Classic Cat Extra ist daher das ideale Katzenstreu, denn gerade Katzen stellen sehr hohe Anspr\u00fcche an Hygiene.<\/p>\n<p>Produktvorteile:<\/p>\n<p>* Sparsam im Verbrauch<br \/>* Staubarm<br \/>* Hohe Fl\u00fcssigkeitsaufnahme<br \/>* Absorbiert unangenehme Ger\u00fcche<\/p>\n<p>\u00a0<\/p>\n<p>Schwangere\/Stillende\/Kleinkinder\/Personen mit geschw\u00e4chtem Immunsystem sollten den Kontakt mit verschmutzter Streu vermeiden. Eventuelle St\u00e4ube nicht einatmen. Verpackung f\u00fcr Kinder und Tiere unzug\u00e4nglich aufbewahren &#8212; Erstickungsgefahr!<\/p>\n<p><\/p>\n<h2>Inhaltsstoffe<\/h2>\n<p><\/p>\n<p>Attapulgit<\/p>\n<p><\/p>\n<h2>F\u00fctterungsempfehlung<\/h2>\n<p><\/p>\n","protected":false},"excerpt":{"rendered":"<p>nichtklumpende Katzenstreu aus Attapulgit<\/p>\n","protected":false},"featured_media":2630,"template":"","meta":[],"product_brand":[],"product_cat":[64,67],"product_tag":[],"class_list":{"0":"post-1208","1":"product","2":"type-product","3":"status-publish","4":"has-post-thumbnail","6":"product_cat-classic-cat","7":"product_cat-classic-cat-katzenstreu","9":"first","10":"instock","11":"shipping-taxable","12":"product-type-simple"},"_links":{"self":[{"href":"https:\/\/classic-heimtiernahrung.de\/de\/wp-json\/wp\/v2\/product\/1208","targetHints":{"allow":["GET"]}}],"collection":[{"href":"https:\/\/classic-heimtiernahrung.de\/de\/wp-json\/wp\/v2\/product"}],"about":[{"href":"https:\/\/classic-heimtiernahrung.de\/de\/wp-json\/wp\/v2\/types\/product"}],"version-history":[{"count":2,"href":"https:\/\/classic-heimtiernahrung.de\/de\/wp-json\/wp\/v2\/product\/1208\/revisions"}],"predecessor-version":[{"id":2631,"href":"https:\/\/classic-heimtiernahrung.de\/de\/wp-json\/wp\/v2\/product\/1208\/revisions\/2631"}],"wp:featuredmedia":[{"embeddable":true,"href":"https:\/\/classic-heimtiernahrung.de\/de\/wp-json\/wp\/v2\/media\/2630"}],"wp:attachment":[{"href":"https:\/\/classic-heimtiernahrung.de\/de\/wp-json\/wp\/v2\/media?parent=1208"}],"wp:term":[{"taxonomy":"product_brand","embeddable":true,"href":"https:\/\/classic-heimtiernahrung.de\/de\/wp-json\/wp\/v2\/product_brand?post=1208"},{"taxonomy":"product_cat","embeddable":true,"href":"https:\/\/classic-heimtiernahrung.de\/de\/wp-json\/wp\/v2\/product_cat?post=1208"},{"taxonomy":"product_tag","embeddable":true,"href":"https:\/\/classic-heimtiernahrung.de\/de\/wp-json\/wp\/v2\/product_tag?post=1208"}],"curies":[{"name":"wp","href":"https:\/\/api.w.org\/{rel}","templated":true}]}}