{"id":1202,"date":"2022-02-16T09:49:28","date_gmt":"2022-02-16T08:49:28","guid":{"rendered":"https:\/\/relaunch.classic-heimtiernahrung.de\/product\/classic-dog-supermix-15kg\/"},"modified":"2022-02-21T16:20:43","modified_gmt":"2022-02-21T15:20:43","slug":"classic-dog-supermix-15kg","status":"publish","type":"product","link":"https:\/\/classic-heimtiernahrung.de\/de\/product\/classic-dog-supermix-15kg\/","title":{"rendered":"Classic Dog Supermix 15kg"},"content":{"rendered":"<p>Classic Dog\u00ae Supermix &#8211; 100% ausgewogene Vollnahrung f\u00fcr ausgewachsene Hunde.<\/p>\n<p>Classic Dog\u00ae Supermix ist eine nat\u00fcrliche und ausgewogene Mischung von ausgesuchten Weizen- und Maisflocken mit leckeren Fleischkroketten.<\/p>\n<p>Um Ihren Hund bei Nahrungsumstellung besser an sein neues Futter zu gew\u00f6hnen sollten Sie Classic Dog\u00ae Supermix in steigender Menge bis zum v\u00f6lligen Ersatz unter sein gewohntes Futter mischen.<\/p>\n<p>Zubereitung:<br \/>\nClassic Dog\u00ae Supermix wird in Wasser oder Br\u00fche aufgeweicht verf\u00fcttert. Geben Sie die angegebene Futtermenge in einen sauberen Futternapf und \u00fcbergie\u00dfen Sie es mit hei\u00dfem Wasser oder Br\u00fche, so dass es bedeckt ist. Lassen Sie es einige Minuten quellen und verf\u00fcttern Sie es noch warm. Genauso k\u00f6nnen Sie Classic Dog\u00ae Supermix als Trockennahrung f\u00fcttern. Stellen Sie hierbei unbedingt ausreichend frisches Wasser bereit.<\/p>\n<p>Classic Dog ist optimal auf die Ern\u00e4hrungsbed\u00fcrfnisse von Hunden abgestimmt und wird aus besten Rohstoffen in einem besonderen Schonverfahren hergestellt.<\/p>\n<p>&nbsp;<\/p>\n<h2>Inhaltsstoffe<\/h2>\n<p>&nbsp;<\/p>\n<p>Zusammensetzung<br \/>\nGetreide, Fleisch und tierische Nebenerzeugnisse, Pflanzliche Nebenerzeugnisse,<br \/>\n\u00d6le und Fette, Gem\u00fcse, Mineralstoffe<\/p>\n<p>Analytische Bestandteile<br \/>\nProtein 19,0%, Fettgehalt 7,0%, Rohasche 7,0%, Rohfaser 3,5%,<br \/>\nCalcium 1,4%, Phosphor 1,1%<\/p>\n<p>Zusatzstoffe je kg<br \/>\nVitamin A (IE\/kg): 10.000, Vitamin D (IE\/kg): 1.000,<br \/>\nVitamin E (mg\/kg): 90, Kupfer (Kupfer(II)sulfat): 15 mg\/kg,<br \/>\nMit Antioxidans EG-Zusatzstoff: BHT, BHA<\/p>\n<p>&nbsp;<\/p>\n<p>&nbsp;<\/p>\n<h2>F\u00fctterungsempfehlung<\/h2>\n<p>&nbsp;<\/p>\n<p>F\u00fctterungsempfehlung:<br \/>\nGewicht des Hundes: F\u00fctterung:<br \/>\n1,0 &#8211; 5,0 kg&#8230;&#8230;&#8230;&#8230;&#8230;36 &#8211; 125 g<br \/>\n5,0 &#8211; 8,0 kg&#8230;&#8230;&#8230;&#8230;&#8230;125 &#8211; 175 g<br \/>\n8,0 &#8211; 10,0 kg&#8230;&#8230;&#8230;&#8230;.175 &#8211; 205 g<br \/>\n10,0 &#8211; 12,5 kg&#8230;&#8230;&#8230;..205 &#8211; 240 g<br \/>\n12,5 &#8211; 15,0 kg&#8230;&#8230;&#8230;..240 &#8211; 275 g<br \/>\n15,0 &#8211; 17,5 kg&#8230;&#8230;&#8230;..275 &#8211; 310 g<br \/>\n17,5 &#8211; 20,0 kg&#8230;&#8230;&#8230;..310 &#8211; 345 g<br \/>\n20,0 &#8211; 25,0 kg&#8230;&#8230;&#8230;..345 &#8211; 405 g<br \/>\n25,0 &#8211; 30,0 kg&#8230;&#8230;&#8230;..405 &#8211; 465 g<br \/>\n30,0 &#8211; 35,0 kg&#8230;&#8230;&#8230;..465 &#8211; 525 g<br \/>\n35,0 &#8211; 40,0 kg&#8230;&#8230;&#8230;..525 &#8211; 580 g<br \/>\n40,0 &#8211; 45,0 kg&#8230;&#8230;&#8230;..580 &#8211; 635 g<br \/>\n45,0 &#8211; 50,0 kg&#8230;&#8230;&#8230;..635 &#8211; 685 g<br \/>\n50,0 &#8211; 60,0 kg&#8230;&#8230;&#8230;..685 &#8211; 765 g<br \/>\n60,0 &#8211; 70,0 kg&#8230;&#8230;&#8230;..765 &#8211; 850 g<br \/>\n70,0 &#8211; 80,0 kg&#8230;&#8230;&#8230;..850 &#8211; 930 g<\/p>\n","protected":false},"excerpt":{"rendered":"<p>Hundetrockenfutter f\u00fcr ausgewachsene Hunde<\/p>\n","protected":false},"featured_media":1203,"template":"","meta":[],"product_brand":[],"product_cat":[55,58],"product_tag":[],"class_list":{"0":"post-1202","1":"product","2":"type-product","3":"status-publish","4":"has-post-thumbnail","6":"product_cat-classic-dog","7":"product_cat-classic-dog-trockenfutter","9":"first","10":"instock","11":"shipping-taxable","12":"product-type-simple"},"_links":{"self":[{"href":"https:\/\/classic-heimtiernahrung.de\/de\/wp-json\/wp\/v2\/product\/1202","targetHints":{"allow":["GET"]}}],"collection":[{"href":"https:\/\/classic-heimtiernahrung.de\/de\/wp-json\/wp\/v2\/product"}],"about":[{"href":"https:\/\/classic-heimtiernahrung.de\/de\/wp-json\/wp\/v2\/types\/product"}],"version-history":[{"count":1,"href":"https:\/\/classic-heimtiernahrung.de\/de\/wp-json\/wp\/v2\/product\/1202\/revisions"}],"predecessor-version":[{"id":1551,"href":"https:\/\/classic-heimtiernahrung.de\/de\/wp-json\/wp\/v2\/product\/1202\/revisions\/1551"}],"wp:featuredmedia":[{"embeddable":true,"href":"https:\/\/classic-heimtiernahrung.de\/de\/wp-json\/wp\/v2\/media\/1203"}],"wp:attachment":[{"href":"https:\/\/classic-heimtiernahrung.de\/de\/wp-json\/wp\/v2\/media?parent=1202"}],"wp:term":[{"taxonomy":"product_brand","embeddable":true,"href":"https:\/\/classic-heimtiernahrung.de\/de\/wp-json\/wp\/v2\/product_brand?post=1202"},{"taxonomy":"product_cat","embeddable":true,"href":"https:\/\/classic-heimtiernahrung.de\/de\/wp-json\/wp\/v2\/product_cat?post=1202"},{"taxonomy":"product_tag","embeddable":true,"href":"https:\/\/classic-heimtiernahrung.de\/de\/wp-json\/wp\/v2\/product_tag?post=1202"}],"curies":[{"name":"wp","href":"https:\/\/api.w.org\/{rel}","templated":true}]}}