{"id":1196,"date":"2022-02-16T09:48:10","date_gmt":"2022-02-16T08:48:10","guid":{"rendered":"https:\/\/relaunch.classic-heimtiernahrung.de\/product\/classic-dog-lamm-reis-15kg\/"},"modified":"2025-04-01T10:32:19","modified_gmt":"2025-04-01T08:32:19","slug":"classic-dog-lamm-reis-15kg","status":"publish","type":"product","link":"https:\/\/classic-heimtiernahrung.de\/de\/product\/classic-dog-lamm-reis-15kg\/","title":{"rendered":"Classic Dog Lamm &#038; Reis 15kg"},"content":{"rendered":"<p>Classic Dog Lamm &amp; Reis &#8211; nat\u00fcrliche und ausgewogene Vollnahrung von leckeren Fleischkroketten.<\/p>\n<p>Dank der hohen Anteile an Lammfleisch (mehr als 8 %) und wertvollem Reis ist Classic Dog Lamm &amp; Reis leicht verdaulich und besonders geeignet f\u00fcr empfindliche Hunde. Bei der Herstellung werden ausschlie\u00dflich beste Rohstoffe und ein hoher Anteil an tierischem Eiwei\u00df verarbeitet. Classic Dog Lamm &amp; Reis deckt optimal den t\u00e4gliche Bedarf an Proteinen, Mineralstoffen, Spurenelementen, wichtigen Vitaminen und Kohlenhydraten.<br \/>\nUm Ihren Hund bei Nahrungsumstellung besser an sein neues Futter zu gew\u00f6hnen, sollten Sie Classic Dog\u00ae Lamm &amp; Reis in steigender Menge bis zum v\u00f6lligen Ersatz unter sein gewohntes Futter mischen.<\/p>\n<p>Zubereitung:<br \/>\nClassic Dog\u00ae Lamm &amp; Reis wird trocken verf\u00fcttert. Geben Sie die angegebene Futtermenge in einen sauberen Futternapf. Stellen Sie immer ausreichend frisches Trinkwasser zur Verf\u00fcgung.<\/p>\n<p>Classic Dog ist optimal auf die Ern\u00e4hrungsbed\u00fcrfnisse von Hunden abgestimmt und wird aus besten Rohstoffen in einem besonderen Schonverfahren hergestellt.<\/p>\n<p>&nbsp;<\/p>\n<h2>Inhaltsstoffe<\/h2>\n<p>&nbsp;<\/p>\n<p>Zusammensetzung<br \/>\nGetreide (min. 4 % Reis), Fleisch und tierische Nebenerzeugnisse (davon min. 8 % Lamm), pflanzliche Nebenerzeugnisse, \u00d6le und Fette, Fisch und Fischnebenerzeugnisse, Hefen, Gem\u00fcse, Mineralstoffe<\/p>\n<p>Analytische Bestandteile<br \/>\nProtein: 24,0 %, Rohfett: 11,0 %, Rohfaser: 3,0 %, Rohasche: 6,5 %,<br \/>\nCalcium: 1,3 %, Phosphor: 1,0 %, Natrium: 0,3 %<\/p>\n<p>Zusatzstoffe; ern\u00e4hrungsphysiologische Zusatzstoffe je kg<br \/>\nVitamin A: 12.000 IE, Vitamin D3: 1 200 IE, Vitamin E: 70 mg,<br \/>\nKupfer: 10 mg, Zink (als Zinkoxid) 70mg, Jod (als Calciumjodat, wasserfrei) 2mg, Selen (als Natriumselenit) 0,2mg<br \/>\nTechnologische Zusatzstoffe: Antioxidationsmittel<\/p>\n<p>&nbsp;<\/p>\n<h2>F\u00fctterungsempfehlung<\/h2>\n<p>&nbsp;<\/p>\n<table id=\"TABELLE\" style=\"width: 500px;\" border=\"1\" cellspacing=\"1\" cellpadding=\"1\" align=\"left\">\n<colgroup>\n<col width=\"260\" \/>\n<col width=\"231\" \/><\/colgroup>\n<tbody>\n<tr>\n<td id=\"txtT0101\" style=\"text-align: center;\" align=\"center\" valign=\"center\">Gewicht des Hundes<\/td>\n<td id=\"txtT0102\" style=\"text-align: center;\" align=\"center\" valign=\"center\">Menge pro Tag<\/td>\n<\/tr>\n<tr>\n<td id=\"txtT0201\" style=\"text-align: center;\" align=\"center\" valign=\"center\">2,5 &#8211; 5,0 kg<\/td>\n<td id=\"txtT0202\" style=\"text-align: center;\" align=\"center\" valign=\"center\">55 &#8211; 90 g<\/td>\n<\/tr>\n<tr>\n<td id=\"txtT0301\" style=\"text-align: center;\" align=\"center\" valign=\"center\">5,0 &#8211; 7,5 kg<\/td>\n<td id=\"txtT0302\" style=\"text-align: center;\" align=\"center\" valign=\"center\">90 &#8211; 125 g<\/td>\n<\/tr>\n<tr>\n<td id=\"txtT0401\" style=\"text-align: center;\" align=\"center\" valign=\"center\">7,5 &#8211; 10,0 kg<\/td>\n<td id=\"txtT0402\" style=\"text-align: center;\" align=\"center\" valign=\"center\">125 &#8211; 155 g<\/td>\n<\/tr>\n<tr align=\"left\" valign=\"top\">\n<td align=\"center\">10,0 &#8211; 12,5 kg<\/td>\n<td align=\"center\">155 &#8211; 180 g<\/td>\n<\/tr>\n<tr align=\"left\" valign=\"top\">\n<td align=\"center\">12,5 &#8211; 15,0 kg<\/td>\n<td align=\"center\">180 &#8211; 210 g<\/td>\n<\/tr>\n<tr align=\"left\" valign=\"top\">\n<td align=\"center\">15,0 &#8211; 17,5 kg<\/td>\n<td align=\"center\">210 &#8211; 235 g<\/td>\n<\/tr>\n<tr align=\"left\" valign=\"top\">\n<td align=\"center\">17,5 &#8211; 20,0 kg<\/td>\n<td align=\"center\">235 &#8211; 260 g<\/td>\n<\/tr>\n<tr align=\"left\" valign=\"top\">\n<td align=\"center\">20,0 &#8211; 25,0 kg<\/td>\n<td align=\"center\">260 &#8211; 305 g<\/td>\n<\/tr>\n<tr align=\"left\" valign=\"top\">\n<td align=\"center\">25,0 &#8211; 30,0 kg<\/td>\n<td align=\"center\">305 &#8211; 350 g<\/td>\n<\/tr>\n<tr align=\"left\" valign=\"top\">\n<td align=\"center\">30,0 &#8211; 35,0 kg<\/td>\n<td align=\"center\">350 &#8211; 390 g<\/td>\n<\/tr>\n<tr>\n<td id=\"txtT0501\" style=\"text-align: center;\" align=\"center\" valign=\"center\">35,0 &#8211; 40,0 kg<\/td>\n<td id=\"txtT0502\" style=\"text-align: center;\" align=\"center\" valign=\"center\">390 &#8211; 435 g<\/td>\n<\/tr>\n<tr>\n<td id=\"txtT0601\" style=\"text-align: center;\" align=\"center\" valign=\"center\">40,0 &#8211; 45,0 kg<\/td>\n<td id=\"txtT0602\" style=\"text-align: center;\" align=\"center\" valign=\"center\">435 &#8211; 475 g<\/td>\n<\/tr>\n<tr>\n<td id=\"txtT0701\" style=\"text-align: center;\" align=\"center\" valign=\"center\">45,0 &#8211; 50,0 kg<\/td>\n<td id=\"txtT0702\" style=\"text-align: center;\" align=\"center\" valign=\"center\">475 &#8211; 515 g<\/td>\n<\/tr>\n<tr>\n<td id=\"txtT0801\" style=\"text-align: center;\" align=\"center\" valign=\"center\">50,0 &#8211; 60,0 kg<\/td>\n<td id=\"txtT0802\" style=\"text-align: center;\" align=\"center\" valign=\"center\">515 &#8211; 590 g<\/td>\n<\/tr>\n<tr>\n<td id=\"txtT0901\" style=\"text-align: center;\" align=\"center\" valign=\"center\">60,0 &#8211; 70,0 kg<\/td>\n<td id=\"txtT0902\" style=\"text-align: center;\" align=\"center\" valign=\"center\">590 &#8211; 660 g<\/td>\n<\/tr>\n<tr>\n<td id=\"txtT1001\" style=\"text-align: center;\" align=\"center\" valign=\"center\">70,0 &#8211; 80,0 kg<\/td>\n<td id=\"txtT1002\" style=\"text-align: center;\" align=\"center\" valign=\"center\">660 &#8211; 730 g<\/td>\n<\/tr>\n<\/tbody>\n<\/table>\n<p>&nbsp;<\/p>\n","protected":false},"excerpt":{"rendered":"<p>Hundetrockenfutter f\u00fcr sensible Hunde<\/p>\n","protected":false},"featured_media":2522,"template":"","meta":[],"product_brand":[],"product_cat":[55,58],"product_tag":[],"class_list":{"0":"post-1196","1":"product","2":"type-product","3":"status-publish","4":"has-post-thumbnail","6":"product_cat-classic-dog","7":"product_cat-classic-dog-trockenfutter","9":"first","10":"instock","11":"shipping-taxable","12":"product-type-simple"},"_links":{"self":[{"href":"https:\/\/classic-heimtiernahrung.de\/de\/wp-json\/wp\/v2\/product\/1196","targetHints":{"allow":["GET"]}}],"collection":[{"href":"https:\/\/classic-heimtiernahrung.de\/de\/wp-json\/wp\/v2\/product"}],"about":[{"href":"https:\/\/classic-heimtiernahrung.de\/de\/wp-json\/wp\/v2\/types\/product"}],"version-history":[{"count":1,"href":"https:\/\/classic-heimtiernahrung.de\/de\/wp-json\/wp\/v2\/product\/1196\/revisions"}],"predecessor-version":[{"id":1554,"href":"https:\/\/classic-heimtiernahrung.de\/de\/wp-json\/wp\/v2\/product\/1196\/revisions\/1554"}],"wp:featuredmedia":[{"embeddable":true,"href":"https:\/\/classic-heimtiernahrung.de\/de\/wp-json\/wp\/v2\/media\/2522"}],"wp:attachment":[{"href":"https:\/\/classic-heimtiernahrung.de\/de\/wp-json\/wp\/v2\/media?parent=1196"}],"wp:term":[{"taxonomy":"product_brand","embeddable":true,"href":"https:\/\/classic-heimtiernahrung.de\/de\/wp-json\/wp\/v2\/product_brand?post=1196"},{"taxonomy":"product_cat","embeddable":true,"href":"https:\/\/classic-heimtiernahrung.de\/de\/wp-json\/wp\/v2\/product_cat?post=1196"},{"taxonomy":"product_tag","embeddable":true,"href":"https:\/\/classic-heimtiernahrung.de\/de\/wp-json\/wp\/v2\/product_tag?post=1196"}],"curies":[{"name":"wp","href":"https:\/\/api.w.org\/{rel}","templated":true}]}}