{"id":1190,"date":"2022-02-16T09:46:52","date_gmt":"2022-02-16T08:46:52","guid":{"rendered":"https:\/\/relaunch.classic-heimtiernahrung.de\/product\/classic-fish-teich-sticks-7ltr-beutel\/"},"modified":"2022-02-21T16:25:52","modified_gmt":"2022-02-21T15:25:52","slug":"classic-fish-teich-sticks-7ltr-beutel","status":"publish","type":"product","link":"https:\/\/classic-heimtiernahrung.de\/de\/product\/classic-fish-teich-sticks-7ltr-beutel\/","title":{"rendered":"Classic Fish Teich Sticks 7ltr Beutel"},"content":{"rendered":"<p>Wertvolle Rohstoffe werden in einem Spezialverfahren zu leichten, por\u00f6sen Futtersticks verarbeitet, die auf der Wasseroberfl\u00e4che schwimmen und daher von den Fischen vollst\u00e4ndig aufgenommen werden k\u00f6nnen.<\/p>\n<p>Sie enthalten wichtige Kohlenhydrate, Proteine, Fette und Vitamine f\u00fcr eine ausgewogene Ern\u00e4hrung.<\/p>\n<p>Die hohe und gleichbleibende Qualit\u00e4t wird durch st\u00e4ndige Qualit\u00e4tskontrollen garantiert.<br \/>\nDas Beste aus der Natur f\u00fcr gesunde und vitale Teichfische.<\/p>\n<p>&nbsp;<\/p>\n<p>&nbsp;<\/p>\n<h2>Inhaltsstoffe<\/h2>\n<p>&nbsp;<\/p>\n<p>Zusammensetzung:<br \/>\nGetreide, Fleisch und tierische Nebenerzeugnisse, pflanzliche Nebenerzeugnisse, Fisch und Fischnebenerzeugnisse<\/p>\n<p>Analytische Bestandteile:<br \/>\nProtein 28,0%, Fettgehalt 3,5%, Rohfaser 3,5%, Rohasche 7,5%.<\/p>\n<p>Zusatzstoffe \/ ern\u00e4hrungsphysiologische Zusatzstoffe je kg:<br \/>\nVitamin A 10.000 I.E., Vitamin D3 800 I.E., Vitamin E (alpha Tocopherolacetat) 75 mg, Vitamin C (Ascorbylpolyphosphat) 25mg<\/p>\n<p>Technologische Zusatzstoffe:<br \/>\nAntioxidationsmittel ( BHT )<\/p>\n<p>&nbsp;<\/p>\n<h2>F\u00fctterungsempfehlung<\/h2>\n<p>&nbsp;<\/p>\n<p>Mehrmals t\u00e4glich kleine Portionen in den Teich streuen und so viel f\u00fcttern, wie innerhalb von wenigen Minuten gefressen wird.<\/p>\n<p>Unter 8\u00b0C Wassertemperatur ist eine F\u00fctterung nicht mehr n\u00f6tig.<\/p>\n<p>Bitte k\u00fchl, trocken und lichtgesch\u00fctzt lagern.<\/p>\n","protected":false},"excerpt":{"rendered":"<p>Schwimmf\u00e4hige Futtersticks f\u00fcr alle Gartenteichfische<\/p>\n","protected":false},"featured_media":1191,"template":"","meta":[],"product_brand":[],"product_cat":[73,74],"product_tag":[],"class_list":{"0":"post-1190","1":"product","2":"type-product","3":"status-publish","4":"has-post-thumbnail","6":"product_cat-classic-fish","7":"product_cat-classic-fish-futter","9":"first","10":"instock","11":"shipping-taxable","12":"product-type-simple"},"_links":{"self":[{"href":"https:\/\/classic-heimtiernahrung.de\/de\/wp-json\/wp\/v2\/product\/1190","targetHints":{"allow":["GET"]}}],"collection":[{"href":"https:\/\/classic-heimtiernahrung.de\/de\/wp-json\/wp\/v2\/product"}],"about":[{"href":"https:\/\/classic-heimtiernahrung.de\/de\/wp-json\/wp\/v2\/types\/product"}],"version-history":[{"count":1,"href":"https:\/\/classic-heimtiernahrung.de\/de\/wp-json\/wp\/v2\/product\/1190\/revisions"}],"predecessor-version":[{"id":1557,"href":"https:\/\/classic-heimtiernahrung.de\/de\/wp-json\/wp\/v2\/product\/1190\/revisions\/1557"}],"wp:featuredmedia":[{"embeddable":true,"href":"https:\/\/classic-heimtiernahrung.de\/de\/wp-json\/wp\/v2\/media\/1191"}],"wp:attachment":[{"href":"https:\/\/classic-heimtiernahrung.de\/de\/wp-json\/wp\/v2\/media?parent=1190"}],"wp:term":[{"taxonomy":"product_brand","embeddable":true,"href":"https:\/\/classic-heimtiernahrung.de\/de\/wp-json\/wp\/v2\/product_brand?post=1190"},{"taxonomy":"product_cat","embeddable":true,"href":"https:\/\/classic-heimtiernahrung.de\/de\/wp-json\/wp\/v2\/product_cat?post=1190"},{"taxonomy":"product_tag","embeddable":true,"href":"https:\/\/classic-heimtiernahrung.de\/de\/wp-json\/wp\/v2\/product_tag?post=1190"}],"curies":[{"name":"wp","href":"https:\/\/api.w.org\/{rel}","templated":true}]}}