{"id":1188,"date":"2022-02-16T09:46:26","date_gmt":"2022-02-16T08:46:26","guid":{"rendered":"https:\/\/relaunch.classic-heimtiernahrung.de\/product\/classic-bird-naturmix-10kg\/"},"modified":"2022-02-21T16:25:53","modified_gmt":"2022-02-21T15:25:53","slug":"classic-bird-naturmix-10kg","status":"publish","type":"product","link":"https:\/\/classic-heimtiernahrung.de\/de\/product\/classic-bird-naturmix-10kg\/","title":{"rendered":"Classic Bird Naturmix 10kg"},"content":{"rendered":"<div>Eine hochwertige und energiereiche Mischung ohne Schalen bietet Classic Bird Naturmix, schalen los.<\/div>\n<div>Dieses leckere Futter k\u00f6nnen Sie bei Bedarf das ganze Jahr \u00fcber verf\u00fcttern. Zudem hinterl\u00e4sst es keine Schalenr\u00fcckst\u00e4nde und eignet sich somit hervorragend f\u00fcr Balkon oder Terrasse.<\/div>\n<div><\/div>\n<div>Classic Bird Vogelfutter wird aus ausgewogenen und artgerechten Inhaltsstoffen zusammengestellt, die auf die ganzj\u00e4hrigen Bed\u00fcrfnisse der Wildv\u00f6gel angepasst sind. Wir produzieren ohne Konservierungs- und Zusatzstoffe, sowie k\u00fcnstlichen Aromen.<\/div>\n<div><\/div>\n<div>Die Highlights:<\/div>\n<div>\u2022 Ausgesuchte Saaten in klassischer Mischung \u2013 ideal zur Ganzjahresf\u00fctterung<\/div>\n<div>\u2022 Durch fetthaltige Erdnusskerne und pflanzlichem \u00d6l wichtiger Energielieferant f\u00fcr V\u00f6gel<\/div>\n<div>\u2022 Durch weiche Bestandteile ideal auch f\u00fcr Jungtiere geeignet<\/div>\n<div>\u2022 F\u00f6rdert die Gesunderhaltung frei lebender V\u00f6gel<\/div>\n<div>\u2022 100 % Naturprodukt aus energiereichen Saaten, K\u00f6rnern, Flocken &#8211; Ohne Weizen!<\/div>\n<div>\u2022 Zutaten in Premium-Qualit\u00e4t<\/div>\n<div>\u2022 Hergestellt in Deutschland<\/div>\n<div>\u2022 Artspezifische Nahrungsquelle zur Ganzjahresf\u00fctterung unserer Wildv\u00f6gel im Garten<\/div>\n<div>\u2022 N\u00e4hrstoffreiches K\u00f6rnerfutter zur Vollversorgung mit Protein und Energie<\/div>\n<div>\u2022 Spezialfutter f\u00fcr K\u00f6rnerfresser wie Meisen, Finken, Spatzen &amp; Co.<\/div>\n<div><\/div>\n<div>Klassische Mischung mit ausgesuchten und schalen freien Zutaten zur ganzj\u00e4hrigen F\u00fctterung.<\/div>\n<div><\/div>\n<div>\n<p>FREI VON AMBROSIA UND ZUSATZSTOFFEN: Keine unerw\u00fcnschten Zus\u00e4tze. Ohne Konservierungsstoffe. Frei von Farbstoffen.<\/p>\n<\/div>\n<div><\/div>\n<p>&nbsp;<\/p>\n<h2>Inhaltsstoffe<\/h2>\n<p>&nbsp;<\/p>\n<p>Haferflocken, Weizenflocken, Erdn\u00fcsse, Haferkerne, Sonnenblumenkerne, Rosinen.<\/p>\n<p>&nbsp;<\/p>\n<p>&nbsp;<\/p>\n<h2>F\u00fctterungsempfehlung<\/h2>\n<p>&nbsp;<\/p>\n<p>Wenn Sie ausreichend Platz haben, sollten Sie mehrere Futterpl\u00e4tze anlegen um Konkurrenz zu vermeiden und die Artenvielfalt der Besucher auszuweiten.<\/p>\n<p>Vermeiden Sie, dass sich die Futterstelle in der N\u00e4he zu stark befahrenen Stra\u00dfen und Fenstern befindet.<\/p>\n<p>Platzieren Sie die Futterstelle in der N\u00e4he zu B\u00e4umen und B\u00fcschen die den Anflug erleichtern und Versteckm\u00f6glichkeiten bieten.<\/p>\n","protected":false},"excerpt":{"rendered":"<p>Erg\u00e4nzungsfuttermittel f\u00fcr freilebende V\u00f6gel zur Ganzjahresf\u00fctterung<\/p>\n","protected":false},"featured_media":1189,"template":"","meta":[],"product_brand":[],"product_cat":[71,72],"product_tag":[],"class_list":{"0":"post-1188","1":"product","2":"type-product","3":"status-publish","4":"has-post-thumbnail","6":"product_cat-classic-bird","7":"product_cat-classic-bird-futter","9":"first","10":"instock","11":"shipping-taxable","12":"product-type-simple"},"_links":{"self":[{"href":"https:\/\/classic-heimtiernahrung.de\/de\/wp-json\/wp\/v2\/product\/1188","targetHints":{"allow":["GET"]}}],"collection":[{"href":"https:\/\/classic-heimtiernahrung.de\/de\/wp-json\/wp\/v2\/product"}],"about":[{"href":"https:\/\/classic-heimtiernahrung.de\/de\/wp-json\/wp\/v2\/types\/product"}],"version-history":[{"count":1,"href":"https:\/\/classic-heimtiernahrung.de\/de\/wp-json\/wp\/v2\/product\/1188\/revisions"}],"predecessor-version":[{"id":1558,"href":"https:\/\/classic-heimtiernahrung.de\/de\/wp-json\/wp\/v2\/product\/1188\/revisions\/1558"}],"wp:featuredmedia":[{"embeddable":true,"href":"https:\/\/classic-heimtiernahrung.de\/de\/wp-json\/wp\/v2\/media\/1189"}],"wp:attachment":[{"href":"https:\/\/classic-heimtiernahrung.de\/de\/wp-json\/wp\/v2\/media?parent=1188"}],"wp:term":[{"taxonomy":"product_brand","embeddable":true,"href":"https:\/\/classic-heimtiernahrung.de\/de\/wp-json\/wp\/v2\/product_brand?post=1188"},{"taxonomy":"product_cat","embeddable":true,"href":"https:\/\/classic-heimtiernahrung.de\/de\/wp-json\/wp\/v2\/product_cat?post=1188"},{"taxonomy":"product_tag","embeddable":true,"href":"https:\/\/classic-heimtiernahrung.de\/de\/wp-json\/wp\/v2\/product_tag?post=1188"}],"curies":[{"name":"wp","href":"https:\/\/api.w.org\/{rel}","templated":true}]}}