{"id":1180,"date":"2022-02-16T09:44:34","date_gmt":"2022-02-16T08:44:34","guid":{"rendered":"https:\/\/relaunch.classic-heimtiernahrung.de\/product\/classic-bird-terrassenmix-10kg\/"},"modified":"2022-02-21T16:31:57","modified_gmt":"2022-02-21T15:31:57","slug":"classic-bird-terrassenmix-10kg","status":"publish","type":"product","link":"https:\/\/classic-heimtiernahrung.de\/de\/product\/classic-bird-terrassenmix-10kg\/","title":{"rendered":"Classic Bird Terrassenmix 10kg"},"content":{"rendered":"<p>Eine hochwertige und energiereiche Mischung ohne Schalen bietet Classic Bird Terassenmix, schalenlos.<\/p>\n<p>Dieses leckere Futter k\u00f6nnen Sie das ganze Jahr \u00fcber verf\u00fcttern.<\/p>\n<p>Zudem hinterl\u00e4sst es keine Schalenr\u00fcckst\u00e4nde und eignet sich somit hervorragend f\u00fcr Balkon oder Terrasse.<\/p>\n<p>&#8211; Ganzjahresfutter<br \/>\n&#8211; hochwertige Mischung<br \/>\n&#8211; keine Schalenr\u00fcckst\u00e4nde<br \/>\n&#8211; Erg\u00e4nzungsfuttermittel<br \/>\n&#8211; vielf\u00e4ltige Kernmischung<\/p>\n<p>&nbsp;<\/p>\n<h2>Inhaltsstoffe<\/h2>\n<p>&nbsp;<\/p>\n<p>Zusammensetzung:<br \/>\nFettfutter, Sonnenblumenkerne gesch\u00e4lt , Erdnu\u00dfkerne<\/p>\n<p>&nbsp;<\/p>\n<h2>F\u00fctterungsempfehlung<\/h2>\n<p>&nbsp;<\/p>\n<p>Ganzj\u00e4hrige F\u00fctterung bei Bedarf<\/p>\n<p>K\u00fchl und trocken lagern!<\/p>\n","protected":false},"excerpt":{"rendered":"<p>schalenloses Leckerfutter f\u00fcr alle V\u00f6gel<\/p>\n","protected":false},"featured_media":1181,"template":"","meta":[],"product_brand":[],"product_cat":[71,72],"product_tag":[],"class_list":{"0":"post-1180","1":"product","2":"type-product","3":"status-publish","4":"has-post-thumbnail","6":"product_cat-classic-bird","7":"product_cat-classic-bird-futter","9":"first","10":"instock","11":"shipping-taxable","12":"product-type-simple"},"_links":{"self":[{"href":"https:\/\/classic-heimtiernahrung.de\/de\/wp-json\/wp\/v2\/product\/1180","targetHints":{"allow":["GET"]}}],"collection":[{"href":"https:\/\/classic-heimtiernahrung.de\/de\/wp-json\/wp\/v2\/product"}],"about":[{"href":"https:\/\/classic-heimtiernahrung.de\/de\/wp-json\/wp\/v2\/types\/product"}],"version-history":[{"count":1,"href":"https:\/\/classic-heimtiernahrung.de\/de\/wp-json\/wp\/v2\/product\/1180\/revisions"}],"predecessor-version":[{"id":1562,"href":"https:\/\/classic-heimtiernahrung.de\/de\/wp-json\/wp\/v2\/product\/1180\/revisions\/1562"}],"wp:featuredmedia":[{"embeddable":true,"href":"https:\/\/classic-heimtiernahrung.de\/de\/wp-json\/wp\/v2\/media\/1181"}],"wp:attachment":[{"href":"https:\/\/classic-heimtiernahrung.de\/de\/wp-json\/wp\/v2\/media?parent=1180"}],"wp:term":[{"taxonomy":"product_brand","embeddable":true,"href":"https:\/\/classic-heimtiernahrung.de\/de\/wp-json\/wp\/v2\/product_brand?post=1180"},{"taxonomy":"product_cat","embeddable":true,"href":"https:\/\/classic-heimtiernahrung.de\/de\/wp-json\/wp\/v2\/product_cat?post=1180"},{"taxonomy":"product_tag","embeddable":true,"href":"https:\/\/classic-heimtiernahrung.de\/de\/wp-json\/wp\/v2\/product_tag?post=1180"}],"curies":[{"name":"wp","href":"https:\/\/api.w.org\/{rel}","templated":true}]}}