{"id":1176,"date":"2022-02-16T09:43:42","date_gmt":"2022-02-16T08:43:42","guid":{"rendered":"https:\/\/relaunch.classic-heimtiernahrung.de\/product\/classic-fish-teich-sticks-sack-5kg\/"},"modified":"2022-02-21T16:31:58","modified_gmt":"2022-02-21T15:31:58","slug":"classic-fish-teich-sticks-sack-5kg","status":"publish","type":"product","link":"https:\/\/classic-heimtiernahrung.de\/de\/product\/classic-fish-teich-sticks-sack-5kg\/","title":{"rendered":"Classic Fish Teich Sticks &#8211; Sack 5kg"},"content":{"rendered":"<p>Wertvolle Rohstoffe werden in einem Spezialverfahren zu leichten, por\u00f6sen Futtersticks verarbeitet, die auf der Wasseroberfl\u00e4che schwimmen und daher von den Fischen vollst\u00e4ndig aufgenommen werden k\u00f6nnen.<\/p>\n<p>Sie enthalten wichtige Kohlenhydrate, Proteine, Fette und Vitamine f\u00fcr eine ausgewogene Ern\u00e4hrung. Die hohe und gleichbleibende Qualit\u00e4t wird durch st\u00e4ndige Qualit\u00e4tskontrollen garantiert.<\/p>\n<p>Das Beste aus der Natur f\u00fcr vitale Teichfische.<\/p>\n<p>Dieser Eimer ist nach Gebrauch vielseitig verwendbar!<\/p>\n<p>&nbsp;<\/p>\n<h2>Inhaltsstoffe<\/h2>\n<p>&nbsp;<\/p>\n<p>Zusammensetzung:<br \/>\nGetreide, Fleisch und tierische Nebenerzeugnisse, pflanzliche Nebenerzeugnisse , Fisch und Fischnebenerzeugnisse, pflanzliche Eiwei\u00dfextrakte<\/p>\n<p>Analytische Bestandteile:<br \/>\nRohprotein 28,0%, Rohfett 3,5%, Rohfaser 3,5%, Rohasche 6,0%<\/p>\n<p>Zusatzstoffe \/ ern\u00e4hrungsphysiologische Zusatzstoffe je kg:<br \/>\nVitamin A (3a672a) 10.000 I.E., Vitamin E (all rac-alpha Tocopherylacetat 3a700) 75 mg, Vitamin C (Natrium-Calcium-Ascorbylphosphat 3a312) 25 mg<\/p>\n<p>Technologische Zusatzstoffe: Antioxidationsmittel<\/p>\n<p>&nbsp;<\/p>\n<h2>F\u00fctterungsempfehlung<\/h2>\n<p>&nbsp;<\/p>\n<p>Mehrmals t\u00e4glich kleine Portionen in den Teich streuen und soviel f\u00fcttern, wie innerhalb von wenigen Minuten gefressen wird. Unter 8 \u00b0C Wassertemperatur ist eine F\u00fctterung nicht mehr n\u00f6tig.<\/p>\n<p>Bitte k\u00fchl, trocken und lichtgesch\u00fctzt lagern.<\/p>\n","protected":false},"excerpt":{"rendered":"<p>Schwimmf\u00e4hige Futtersticks f\u00fcr alle Zierfische im Gartenteich<\/p>\n","protected":false},"featured_media":1177,"template":"","meta":[],"product_brand":[],"product_cat":[73,74],"product_tag":[],"class_list":{"0":"post-1176","1":"product","2":"type-product","3":"status-publish","4":"has-post-thumbnail","6":"product_cat-classic-fish","7":"product_cat-classic-fish-futter","9":"first","10":"instock","11":"shipping-taxable","12":"product-type-simple"},"_links":{"self":[{"href":"https:\/\/classic-heimtiernahrung.de\/de\/wp-json\/wp\/v2\/product\/1176","targetHints":{"allow":["GET"]}}],"collection":[{"href":"https:\/\/classic-heimtiernahrung.de\/de\/wp-json\/wp\/v2\/product"}],"about":[{"href":"https:\/\/classic-heimtiernahrung.de\/de\/wp-json\/wp\/v2\/types\/product"}],"version-history":[{"count":1,"href":"https:\/\/classic-heimtiernahrung.de\/de\/wp-json\/wp\/v2\/product\/1176\/revisions"}],"predecessor-version":[{"id":1564,"href":"https:\/\/classic-heimtiernahrung.de\/de\/wp-json\/wp\/v2\/product\/1176\/revisions\/1564"}],"wp:featuredmedia":[{"embeddable":true,"href":"https:\/\/classic-heimtiernahrung.de\/de\/wp-json\/wp\/v2\/media\/1177"}],"wp:attachment":[{"href":"https:\/\/classic-heimtiernahrung.de\/de\/wp-json\/wp\/v2\/media?parent=1176"}],"wp:term":[{"taxonomy":"product_brand","embeddable":true,"href":"https:\/\/classic-heimtiernahrung.de\/de\/wp-json\/wp\/v2\/product_brand?post=1176"},{"taxonomy":"product_cat","embeddable":true,"href":"https:\/\/classic-heimtiernahrung.de\/de\/wp-json\/wp\/v2\/product_cat?post=1176"},{"taxonomy":"product_tag","embeddable":true,"href":"https:\/\/classic-heimtiernahrung.de\/de\/wp-json\/wp\/v2\/product_tag?post=1176"}],"curies":[{"name":"wp","href":"https:\/\/api.w.org\/{rel}","templated":true}]}}