{"id":1164,"date":"2022-02-16T09:41:07","date_gmt":"2022-02-16T08:41:07","guid":{"rendered":"https:\/\/relaunch.classic-heimtiernahrung.de\/product\/classic-bird-papageienfutter-zuechter-25kg\/"},"modified":"2022-02-22T08:50:28","modified_gmt":"2022-02-22T07:50:28","slug":"classic-bird-papageienfutter-zuechter-25kg","status":"publish","type":"product","link":"https:\/\/classic-heimtiernahrung.de\/de\/product\/classic-bird-papageienfutter-zuechter-25kg\/","title":{"rendered":"Classic Bird Papageienfutter Z\u00fcchter 25kg"},"content":{"rendered":"<p>Classic Bird Papageienfutter ist ideal f\u00fcr alle, die ihrem Papagei ein nat\u00fcrliches und nahrhaftes Futter bieten m\u00f6chten.<\/p>\n<p>Die spezielle Z\u00fcchtermischung ist optimal auf die Bed\u00fcrfnisse aller Papageien abgestimmt. Sie enth\u00e4lt eine gro\u00dfe Vielfalt an hochwertigen Bestandteilen und bietet eine optimale Unterstutzung f\u00fcr den Zuchterfolg.<\/p>\n<p>Durch diese ausgewogene Mischung erh\u00e4lt der Papagei lebenswichtige Vitamine und Spurenelemente, die beste Voraussetzung f\u00fcr kr\u00e4ftiges Gefieder und ein gesundes, langes Leben.<\/p>\n<p>Die enthaltenen Erdnusskerne sind bei Papageien besonders beliebt &#8211; durch den hohen Eiwei\u00dfgehalt besitzen sie einen besonders hohen N\u00e4hrwert.<br \/>\nErdn\u00fcsse sind reich an wertvollem Zink und geh\u00f6ren zu den magnesiumreichsten pflanzlichen Nahrungsmitteln.<\/p>\n<p>Diese Allroundmischung bietet ein optimales Preis-\/Leistungsverh\u00e4ltnis und wird \u00fcberaus gerne von den V\u00f6geln gefressen.<\/p>\n<p>&nbsp;<\/p>\n<h2>Inhaltsstoffe<\/h2>\n<p>&nbsp;<\/p>\n<p>Zusammensetzung:<br \/>\nGestreifte Sonnenblumenkerne, wei\u00dfe Sonnenblumenkerne, Kardisaat, Dari, wei\u00df<br \/>\nMilokorn, Paddyreis, gesch\u00e4lter Hafer, Derby Hafer, Weizen, Buchweizen, gelber Mais,<br \/>\nErdn\u00fcsse in der Schale, Erdn\u00fcsse, Tauben, Zirbeln\u00fcsse, Hanfsaat, Leinsaat, wei\u00dfe Hirse<br \/>\nWicken, Erbsen, Katjang Idjoe<\/p>\n<p>&nbsp;<\/p>\n<h2>F\u00fctterungsempfehlung<\/h2>\n<p>&nbsp;<\/p>\n<p>Sie sollten daf\u00fcr sorgen, dass Ihre Papageien immer ausreichend Futter und frisches Wasser haben. Die leeren Saatenh\u00fclsen (Schale und Spelzen) entfernen Sie bitte aus dem Futternapf.<\/p>\n","protected":false},"excerpt":{"rendered":"<p>Optimale Ern\u00e4hrung f\u00fcr Papageien<\/p>\n","protected":false},"featured_media":1165,"template":"","meta":[],"product_brand":[],"product_cat":[71,72],"product_tag":[],"class_list":{"0":"post-1164","1":"product","2":"type-product","3":"status-publish","4":"has-post-thumbnail","6":"product_cat-classic-bird","7":"product_cat-classic-bird-futter","9":"first","10":"instock","11":"shipping-taxable","12":"product-type-simple"},"_links":{"self":[{"href":"https:\/\/classic-heimtiernahrung.de\/de\/wp-json\/wp\/v2\/product\/1164","targetHints":{"allow":["GET"]}}],"collection":[{"href":"https:\/\/classic-heimtiernahrung.de\/de\/wp-json\/wp\/v2\/product"}],"about":[{"href":"https:\/\/classic-heimtiernahrung.de\/de\/wp-json\/wp\/v2\/types\/product"}],"version-history":[{"count":1,"href":"https:\/\/classic-heimtiernahrung.de\/de\/wp-json\/wp\/v2\/product\/1164\/revisions"}],"predecessor-version":[{"id":1570,"href":"https:\/\/classic-heimtiernahrung.de\/de\/wp-json\/wp\/v2\/product\/1164\/revisions\/1570"}],"wp:featuredmedia":[{"embeddable":true,"href":"https:\/\/classic-heimtiernahrung.de\/de\/wp-json\/wp\/v2\/media\/1165"}],"wp:attachment":[{"href":"https:\/\/classic-heimtiernahrung.de\/de\/wp-json\/wp\/v2\/media?parent=1164"}],"wp:term":[{"taxonomy":"product_brand","embeddable":true,"href":"https:\/\/classic-heimtiernahrung.de\/de\/wp-json\/wp\/v2\/product_brand?post=1164"},{"taxonomy":"product_cat","embeddable":true,"href":"https:\/\/classic-heimtiernahrung.de\/de\/wp-json\/wp\/v2\/product_cat?post=1164"},{"taxonomy":"product_tag","embeddable":true,"href":"https:\/\/classic-heimtiernahrung.de\/de\/wp-json\/wp\/v2\/product_tag?post=1164"}],"curies":[{"name":"wp","href":"https:\/\/api.w.org\/{rel}","templated":true}]}}