{"id":1148,"date":"2022-02-16T09:37:24","date_gmt":"2022-02-16T08:37:24","guid":{"rendered":"https:\/\/relaunch.classic-heimtiernahrung.de\/product\/classic-cat-katzenstreu-highcompact-babypuder-12kg\/"},"modified":"2025-01-06T10:16:57","modified_gmt":"2025-01-06T09:16:57","slug":"classic-cat-katzenstreu-highcompact-babypuder-12kg","status":"publish","type":"product","link":"https:\/\/classic-heimtiernahrung.de\/de\/product\/classic-cat-katzenstreu-highcompact-babypuder-12kg\/","title":{"rendered":"Classic Cat Katzenstreu HighCompact Babypuder 12kg"},"content":{"rendered":"<p>Mit diesem Katzenstreu erhalten Sie die Sicherheit, Ihrer Katze eines der hochwertigsten Katzenstreus anzubieten.<br \/>Es besteht zu 100% aus Naturton (Bentonit-Stein), welcher einzigartig in der heutigen Katzenhygiene ist.<\/p>\n<p>Dieses Premium-Klumpstreu wird speziell f\u00fcr Katzen gewonnen, die Sauberkeit \u00fcber alles lieben.<br \/>Der nat\u00fcrliche Bentonit, der exklusiv f\u00fcr High Classic Silver Edition verwendet wird, stammt aus einer Region, die vor sch\u00e4dlichen Umwelteinfl\u00fcssen und Zivilisation total abgeschottet ist. Schadstoffbelastungen werden hierdurch garantiert ausgeschlossen. Ihre Katze ist bei ihrer Hygiene auf nat\u00fcrliche Weise vor Bakterien und sch\u00e4dlichen Umwelteinfl\u00fcssen gesch\u00fctzt.<\/p>\n<p>Die Eigenschaften des BTG High Classic Silver Edition Bentonit-Streus werden Sie und besonders Ihre Katze vom ersten Augenblick an \u00fcberzeugen.<\/p>\n<p>Extreme Saugf\u00e4higkeit, blitzschnelle Kl\u00fcmpchenbildung und die sensitiven Eigenschaften des Bentonit-Steins bieten ein H\u00f6chstma\u00df an Komfort. Insbesondere f\u00fcr sensible Katzenpfoten sind die leichten und mikroskopisch abgerundeten Bentonit-K\u00f6rnchen zu empfehlen. Bei der Katzenhygiene bleibt kein Streu an Fell oder Pfoten h\u00e4ngen.<\/p>\n<p>Durch die schnelle Klumpenbildung bleibt die Umgebung der Katzentoilete sauber und hygienisch rein.<\/p>\n<p>\u00a0<\/p>\n<p>Schwangere\/Stillende\/Kleinkinder\/Personen mit geschw\u00e4chtem Immunsystem sollten den Kontakt mit verschmutzter Streu vermeiden. Eventuelle St\u00e4ube nicht einatmen. Verpackung f\u00fcr Kinder und Tiere unzug\u00e4nglich aufbewahren &#8212; Erstickungsgefahr!<\/p>\n<p><\/p>\n<h2>Inhaltsstoffe<\/h2>\n<p><\/p>\n<p>Bentonit<\/p>\n<p><\/p>\n<h2>F\u00fctterungsempfehlung<\/h2>\n<p><\/p>\n","protected":false},"excerpt":{"rendered":"<p>Ein Ultra-Klumpstreu mit Babypuderduft in Premium-Qualit\u00e4t<\/p>\n","protected":false},"featured_media":2628,"template":"","meta":[],"product_brand":[],"product_cat":[64,67],"product_tag":[],"class_list":{"0":"post-1148","1":"product","2":"type-product","3":"status-publish","4":"has-post-thumbnail","6":"product_cat-classic-cat","7":"product_cat-classic-cat-katzenstreu","9":"first","10":"instock","11":"shipping-taxable","12":"product-type-simple"},"_links":{"self":[{"href":"https:\/\/classic-heimtiernahrung.de\/de\/wp-json\/wp\/v2\/product\/1148","targetHints":{"allow":["GET"]}}],"collection":[{"href":"https:\/\/classic-heimtiernahrung.de\/de\/wp-json\/wp\/v2\/product"}],"about":[{"href":"https:\/\/classic-heimtiernahrung.de\/de\/wp-json\/wp\/v2\/types\/product"}],"version-history":[{"count":2,"href":"https:\/\/classic-heimtiernahrung.de\/de\/wp-json\/wp\/v2\/product\/1148\/revisions"}],"predecessor-version":[{"id":2629,"href":"https:\/\/classic-heimtiernahrung.de\/de\/wp-json\/wp\/v2\/product\/1148\/revisions\/2629"}],"wp:featuredmedia":[{"embeddable":true,"href":"https:\/\/classic-heimtiernahrung.de\/de\/wp-json\/wp\/v2\/media\/2628"}],"wp:attachment":[{"href":"https:\/\/classic-heimtiernahrung.de\/de\/wp-json\/wp\/v2\/media?parent=1148"}],"wp:term":[{"taxonomy":"product_brand","embeddable":true,"href":"https:\/\/classic-heimtiernahrung.de\/de\/wp-json\/wp\/v2\/product_brand?post=1148"},{"taxonomy":"product_cat","embeddable":true,"href":"https:\/\/classic-heimtiernahrung.de\/de\/wp-json\/wp\/v2\/product_cat?post=1148"},{"taxonomy":"product_tag","embeddable":true,"href":"https:\/\/classic-heimtiernahrung.de\/de\/wp-json\/wp\/v2\/product_tag?post=1148"}],"curies":[{"name":"wp","href":"https:\/\/api.w.org\/{rel}","templated":true}]}}