{"id":1146,"date":"2022-02-16T09:36:56","date_gmt":"2022-02-16T08:36:56","guid":{"rendered":"https:\/\/relaunch.classic-heimtiernahrung.de\/product\/classic-friends-strohstreu-8kg-ca-20l\/"},"modified":"2025-01-06T10:23:36","modified_gmt":"2025-01-06T09:23:36","slug":"classic-friends-strohstreu-8kg-ca-20l","status":"publish","type":"product","link":"https:\/\/classic-heimtiernahrung.de\/de\/product\/classic-friends-strohstreu-8kg-ca-20l\/","title":{"rendered":"Classic Friends Strohstreu 8kg \/ ca. 20l"},"content":{"rendered":"<p>Es wird ausschlie\u00dflich aus nachwachsenden Rohstoffen hergestellt und ist 100 % biologisch abbaubar.<\/p>\n<p>Dank seiner super Saugkraft (400 %) bindet Classic Friends Strohstreu auf nat\u00fcrliche Weise Fl\u00fcssigkeit sofort und verhindert zuverl\u00e4ssig schlechte Ger\u00fcche bevor sie entstehen.<\/p>\n<p>Produktvorteile:<\/p>\n<p>Classic Friends Strohstreu ist 100 % umweltschonend und besteht aus pelletiertem Stroh. Durch ein mehrfaches Reinigungs- und Pressverfahren ist Classic Friends Strohstreu<br \/>besonders staubarm. Die Saugkraft der Strohpellets garantiert schnelles Einschlie\u00dfen von Fl\u00fcssigkeiten und Ger\u00fcchen. Classic Friends Strohstreu kann \u00fcber Kompost oder Biotonne umweltfreundlich entsorgt werden.<\/p>\n<p>Funktionsweise:<\/p>\n<p>Nach Kontakt mit Fl\u00fcssigkeit wird diese sofort in die Strohstreupellets aufgesogen. Fl\u00fcssigkeit und Ger\u00fcche werden so sicher eingeschlossen. Die Anwendungsbereiche (Nagerk\u00e4fige etc.) bleiben somit stets hygienisch sauber.<\/p>\n<p>Gebrauchsanweisung:<\/p>\n<ul>\n<li>Sauberen Nagerk\u00e4fig mindestens 3-4 cm hoch mit Streu f\u00fcllen.<\/li>\n<li>Verschmutzte Stellen entnehmen und mit neuem Strohstreu auff\u00fcllen.<\/li>\n<li>Entsorgung \u00fcber den Hausm\u00fcll oder in die Biotonne (bitte kommunale Vorschriften beachten).<\/li>\n<li>Nicht in die Toilette entsorgen.<\/li>\n<\/ul>\n<p><\/p>\n<h2>Inhaltsstoffe<\/h2>\n<p><\/p>\n<p>Stroh<\/p>\n<p><\/p>\n<h2>F\u00fctterungsempfehlung<\/h2>\n<p><\/p>\n<p>&#8212;&#8212;&#8212;&#8212;&#8212;<\/p>\n","protected":false},"excerpt":{"rendered":"<p>Ein reines Naturprodukt<\/p>\n","protected":false},"featured_media":2636,"template":"","meta":[],"product_brand":[],"product_cat":[68,70],"product_tag":[],"class_list":{"0":"post-1146","1":"product","2":"type-product","3":"status-publish","4":"has-post-thumbnail","6":"product_cat-classic-friends","7":"product_cat-classic-friends-streu","9":"first","10":"instock","11":"shipping-taxable","12":"product-type-simple"},"_links":{"self":[{"href":"https:\/\/classic-heimtiernahrung.de\/de\/wp-json\/wp\/v2\/product\/1146","targetHints":{"allow":["GET"]}}],"collection":[{"href":"https:\/\/classic-heimtiernahrung.de\/de\/wp-json\/wp\/v2\/product"}],"about":[{"href":"https:\/\/classic-heimtiernahrung.de\/de\/wp-json\/wp\/v2\/types\/product"}],"version-history":[{"count":2,"href":"https:\/\/classic-heimtiernahrung.de\/de\/wp-json\/wp\/v2\/product\/1146\/revisions"}],"predecessor-version":[{"id":2637,"href":"https:\/\/classic-heimtiernahrung.de\/de\/wp-json\/wp\/v2\/product\/1146\/revisions\/2637"}],"wp:featuredmedia":[{"embeddable":true,"href":"https:\/\/classic-heimtiernahrung.de\/de\/wp-json\/wp\/v2\/media\/2636"}],"wp:attachment":[{"href":"https:\/\/classic-heimtiernahrung.de\/de\/wp-json\/wp\/v2\/media?parent=1146"}],"wp:term":[{"taxonomy":"product_brand","embeddable":true,"href":"https:\/\/classic-heimtiernahrung.de\/de\/wp-json\/wp\/v2\/product_brand?post=1146"},{"taxonomy":"product_cat","embeddable":true,"href":"https:\/\/classic-heimtiernahrung.de\/de\/wp-json\/wp\/v2\/product_cat?post=1146"},{"taxonomy":"product_tag","embeddable":true,"href":"https:\/\/classic-heimtiernahrung.de\/de\/wp-json\/wp\/v2\/product_tag?post=1146"}],"curies":[{"name":"wp","href":"https:\/\/api.w.org\/{rel}","templated":true}]}}