{"id":1142,"date":"2022-02-16T09:36:06","date_gmt":"2022-02-16T08:36:06","guid":{"rendered":"https:\/\/relaunch.classic-heimtiernahrung.de\/product\/classic-bird-papageienfutter-25kg\/"},"modified":"2022-02-22T09:00:48","modified_gmt":"2022-02-22T08:00:48","slug":"classic-bird-papageienfutter-25kg","status":"publish","type":"product","link":"https:\/\/classic-heimtiernahrung.de\/de\/product\/classic-bird-papageienfutter-25kg\/","title":{"rendered":"Classic Bird Papageienfutter 25kg"},"content":{"rendered":"<p>Classic Bird Papageienfutter ist ideal f\u00fcr alle, die ihrem Papagei ein nat\u00fcrliches und nahrhaftes Futter bieten m\u00f6chten.<\/p>\n<p>Die spezielle Futtermischung ist optimal auf die Bed\u00fcrfnisse aller Papageien abgestimmt.<br \/>\nDurch diese ausgewogene Mischung erh\u00e4lt der Papagei lebenswichtige Vitamine und Spurenelemente, die beste Voraussetzung f\u00fcr kr\u00e4ftiges Gefieder und ein gesundes, langes Leben.<\/p>\n<p>Die enthaltenen Erdnusskerne sind bei Papageien besonders beliebt &#8211; durch den hohen Eiwei\u00dfgehalt besitzen sie einen besonders hohen N\u00e4hrwert.<br \/>\nErdn\u00fcsse sind reich an wertvollem Zink und geh\u00f6ren zu den magnesiumreichsten pflanzlichen Nahrungsmitteln.<\/p>\n<p>Diese Allroundmischung bietet ein optimales Preis-\/Leistungsverh\u00e4ltnis und wird \u00fcberaus gerne von den V\u00f6geln gefressen.<\/p>\n<p>Classic Bird Papageienfutter &#8211; Produktqualit\u00e4t Made in Germany!<\/p>\n<p>&nbsp;<\/p>\n<h2>Inhaltsstoffe<\/h2>\n<p>&nbsp;<\/p>\n<p>Zusammensetzung:<br \/>\nSonnenblumenkerne gestreift, Sonnenblumenkerne wei\u00df, Kardi, Buchweizen, Mais, Haferkerne, Dari, Paddyreis, K\u00fcrbiskerne, Erdnuss-Bruch, Erdnuss-Schale<\/p>\n<p>Analytische Bestandteile:<br \/>\nProtein = 12,20 %, Rohfaser = 8.90 %, Fettgehalt = 9,50 %, Rohasche = 2,50 %, Feuchte = 8,50 %<\/p>\n<p>&nbsp;<\/p>\n<h2>F\u00fctterungsempfehlung<\/h2>\n<p>&nbsp;<\/p>\n<p>F\u00fctterungshinweis:<\/p>\n<p>Sie sollten daf\u00fcr sorgen, dass Ihre Papageien immer ausreichend Futter und Wasser haben. Die leeren Saatenh\u00fclsen (Spelzen) entfernen Sie bitte aus dem Futternapf.<\/p>\n","protected":false},"excerpt":{"rendered":"<p>Optimale Ern\u00e4hrung f\u00fcr Papageien<\/p>\n","protected":false},"featured_media":1143,"template":"","meta":[],"product_brand":[],"product_cat":[71,72],"product_tag":[],"class_list":{"0":"post-1142","1":"product","2":"type-product","3":"status-publish","4":"has-post-thumbnail","6":"product_cat-classic-bird","7":"product_cat-classic-bird-futter","9":"first","10":"instock","11":"shipping-taxable","12":"product-type-simple"},"_links":{"self":[{"href":"https:\/\/classic-heimtiernahrung.de\/de\/wp-json\/wp\/v2\/product\/1142","targetHints":{"allow":["GET"]}}],"collection":[{"href":"https:\/\/classic-heimtiernahrung.de\/de\/wp-json\/wp\/v2\/product"}],"about":[{"href":"https:\/\/classic-heimtiernahrung.de\/de\/wp-json\/wp\/v2\/types\/product"}],"version-history":[{"count":1,"href":"https:\/\/classic-heimtiernahrung.de\/de\/wp-json\/wp\/v2\/product\/1142\/revisions"}],"predecessor-version":[{"id":1581,"href":"https:\/\/classic-heimtiernahrung.de\/de\/wp-json\/wp\/v2\/product\/1142\/revisions\/1581"}],"wp:featuredmedia":[{"embeddable":true,"href":"https:\/\/classic-heimtiernahrung.de\/de\/wp-json\/wp\/v2\/media\/1143"}],"wp:attachment":[{"href":"https:\/\/classic-heimtiernahrung.de\/de\/wp-json\/wp\/v2\/media?parent=1142"}],"wp:term":[{"taxonomy":"product_brand","embeddable":true,"href":"https:\/\/classic-heimtiernahrung.de\/de\/wp-json\/wp\/v2\/product_brand?post=1142"},{"taxonomy":"product_cat","embeddable":true,"href":"https:\/\/classic-heimtiernahrung.de\/de\/wp-json\/wp\/v2\/product_cat?post=1142"},{"taxonomy":"product_tag","embeddable":true,"href":"https:\/\/classic-heimtiernahrung.de\/de\/wp-json\/wp\/v2\/product_tag?post=1142"}],"curies":[{"name":"wp","href":"https:\/\/api.w.org\/{rel}","templated":true}]}}