{"id":1140,"date":"2022-02-16T09:35:41","date_gmt":"2022-02-16T08:35:41","guid":{"rendered":"https:\/\/relaunch.classic-heimtiernahrung.de\/product\/classic-bird-sittichfutter-25kg\/"},"modified":"2022-02-22T09:00:48","modified_gmt":"2022-02-22T08:00:48","slug":"classic-bird-sittichfutter-25kg","status":"publish","type":"product","link":"https:\/\/classic-heimtiernahrung.de\/de\/product\/classic-bird-sittichfutter-25kg\/","title":{"rendered":"Classic Bird Sittichfutter 25kg"},"content":{"rendered":"<p>Classic Bird Wellensittichfutter ist ideal f\u00fcr alle, die ihrem Wellensittich ein nat\u00fcrliches und nahrhaftes Futter bieten m\u00f6chten.<\/p>\n<p>Die spezielle Saatenmischung ist optimal auf die Bed\u00fcrfnisse aller Wellensittiche abgestimmt.<\/p>\n<p>Durch diese ausgewogene Mischung erh\u00e4lt ihr Wellensittich die lebenswichtigen Vitamine und Spurenelemente, f\u00fcr kr\u00e4ftiges Gefieder und ein gesundes, langes Leben.<\/p>\n<p>Diese Allroundmischung bietet ein optimales Preis-\/Leistungsverh\u00e4ltnis und wird \u00fcberaus gerne von den V\u00f6geln gefressen.<\/p>\n<p>Classic Bird Wellensittichfutter &#8211; Produktqualit\u00e4t Made in Germany!<\/p>\n<p>&nbsp;<\/p>\n<h2>Inhaltsstoffe<\/h2>\n<p>&nbsp;<\/p>\n<p>Zusammensetzung:<br \/>\nKanariensaat, Gelbe Hirse, Rote Hirse, Wei\u00dfe Hirse<\/p>\n<p>Analytische Bestandteile:<br \/>\nProtein = 12,00 %, Rohfaser = 9,50 %, Fettgehalt = 4,50 %, Rohasche = 3,50 %, Feuchte = 9,60 %<\/p>\n<p>&nbsp;<\/p>\n<h2>F\u00fctterungsempfehlung<\/h2>\n<p>&nbsp;<\/p>\n<p>F\u00fctterungshinweis:<\/p>\n<p>Sorgen Sie bitte daf\u00fcr, dass Ihr Vogel immer ausreichend Futter und Wasser hat<\/p>\n","protected":false},"excerpt":{"rendered":"<p>Optimale Ern\u00e4hrung f\u00fcr Wellensittiche<\/p>\n","protected":false},"featured_media":1141,"template":"","meta":[],"product_brand":[],"product_cat":[71,72],"product_tag":[],"class_list":{"0":"post-1140","1":"product","2":"type-product","3":"status-publish","4":"has-post-thumbnail","6":"product_cat-classic-bird","7":"product_cat-classic-bird-futter","9":"first","10":"instock","11":"shipping-taxable","12":"product-type-simple"},"_links":{"self":[{"href":"https:\/\/classic-heimtiernahrung.de\/de\/wp-json\/wp\/v2\/product\/1140","targetHints":{"allow":["GET"]}}],"collection":[{"href":"https:\/\/classic-heimtiernahrung.de\/de\/wp-json\/wp\/v2\/product"}],"about":[{"href":"https:\/\/classic-heimtiernahrung.de\/de\/wp-json\/wp\/v2\/types\/product"}],"version-history":[{"count":2,"href":"https:\/\/classic-heimtiernahrung.de\/de\/wp-json\/wp\/v2\/product\/1140\/revisions"}],"predecessor-version":[{"id":1478,"href":"https:\/\/classic-heimtiernahrung.de\/de\/wp-json\/wp\/v2\/product\/1140\/revisions\/1478"}],"wp:featuredmedia":[{"embeddable":true,"href":"https:\/\/classic-heimtiernahrung.de\/de\/wp-json\/wp\/v2\/media\/1141"}],"wp:attachment":[{"href":"https:\/\/classic-heimtiernahrung.de\/de\/wp-json\/wp\/v2\/media?parent=1140"}],"wp:term":[{"taxonomy":"product_brand","embeddable":true,"href":"https:\/\/classic-heimtiernahrung.de\/de\/wp-json\/wp\/v2\/product_brand?post=1140"},{"taxonomy":"product_cat","embeddable":true,"href":"https:\/\/classic-heimtiernahrung.de\/de\/wp-json\/wp\/v2\/product_cat?post=1140"},{"taxonomy":"product_tag","embeddable":true,"href":"https:\/\/classic-heimtiernahrung.de\/de\/wp-json\/wp\/v2\/product_tag?post=1140"}],"curies":[{"name":"wp","href":"https:\/\/api.w.org\/{rel}","templated":true}]}}