{"id":1106,"date":"2021-11-16T09:01:16","date_gmt":"2021-11-16T08:01:16","guid":{"rendered":"https:\/\/relaunch.classic-heimtiernahrung.de\/?post_type=product&#038;p=1106"},"modified":"2022-02-22T09:00:48","modified_gmt":"2022-02-22T08:00:48","slug":"classic-bird-kanarienfutter-25kg","status":"publish","type":"product","link":"https:\/\/classic-heimtiernahrung.de\/de\/product\/classic-bird-kanarienfutter-25kg\/","title":{"rendered":"Classic Bird Kanarienfutter 25kg"},"content":{"rendered":"<p>Classic Bird Kanarienvogelfutter ist ideal f\u00fcr alle, die ihrem Vogel ein nat\u00fcrliches und nahrhaftes Futter bieten m\u00f6chten.<\/p>\n<p>Die spezielle Futtermischung ist optimal auf die Bed\u00fcrfnisse aller Kanarienv\u00f6gel abgestimmt.<br \/>\nDurch diese ausgewogene Mischung erh\u00e4lt der Kanarienvogel wertvolle Vitamine und Spurenelemente &#8211; die beste Voraussetzung f\u00fcr kr\u00e4ftiges Gefieder und ein gesundes, langes Leben.<\/p>\n<p>Diese Allroundmischung bietet ein optimales Preis-\/Leistungsverh\u00e4ltnis und wird \u00fcberaus gerne von den V\u00f6geln gefressen.<\/p>\n<p>Classic Bird Kanarienvogelfutter &#8211; Produktqualit\u00e4t Made in Germany!<\/p>\n<p>&nbsp;<\/p>\n<h2>Inhaltsstoffe<\/h2>\n<p>&nbsp;<\/p>\n<p>Zusammensetzung:<\/p>\n<p>R\u00fcbsen, Kanariensaat, gesch\u00e4lter Hafer, Hanfsaat, Negersaat<\/p>\n<p>Analytische Bestandteile:<br \/>\nProtein = 17,00 %, Rohfaser = 7,50 %, Fettgehalt = 18,00 %, Rohasche = 4,00 %, Feuchte = 10,00 %<\/p>\n<p>Hergestellt f\u00fcr:<br \/>\nBTG Beteiligungs GmbH<br \/>\nGewerbestr. 5-7<br \/>\n42499 H\u00fcckeswagen<br \/>\ninfo@btg-systemlogistik.de<\/p>\n<p>&nbsp;<\/p>\n<h2>F\u00fctterungsempfehlung<\/h2>\n<p>&nbsp;<\/p>\n<p>F\u00fctterungshinweis:<\/p>\n<p>Sorgen Sie bitte daf\u00fcr, dass Ihr Vogel immer ausreichend Futter und Wasser hat.<\/p>\n","protected":false},"excerpt":{"rendered":"<p>Optimale Ern\u00e4hrung f\u00fcr Kanarienv\u00f6gel<\/p>\n","protected":false},"featured_media":1107,"template":"","meta":[],"product_brand":[],"product_cat":[71,72],"product_tag":[],"class_list":{"0":"post-1106","1":"product","2":"type-product","3":"status-publish","4":"has-post-thumbnail","6":"product_cat-classic-bird","7":"product_cat-classic-bird-futter","9":"first","10":"instock","11":"shipping-taxable","12":"product-type-simple"},"_links":{"self":[{"href":"https:\/\/classic-heimtiernahrung.de\/de\/wp-json\/wp\/v2\/product\/1106","targetHints":{"allow":["GET"]}}],"collection":[{"href":"https:\/\/classic-heimtiernahrung.de\/de\/wp-json\/wp\/v2\/product"}],"about":[{"href":"https:\/\/classic-heimtiernahrung.de\/de\/wp-json\/wp\/v2\/types\/product"}],"version-history":[{"count":1,"href":"https:\/\/classic-heimtiernahrung.de\/de\/wp-json\/wp\/v2\/product\/1106\/revisions"}],"predecessor-version":[{"id":1582,"href":"https:\/\/classic-heimtiernahrung.de\/de\/wp-json\/wp\/v2\/product\/1106\/revisions\/1582"}],"wp:featuredmedia":[{"embeddable":true,"href":"https:\/\/classic-heimtiernahrung.de\/de\/wp-json\/wp\/v2\/media\/1107"}],"wp:attachment":[{"href":"https:\/\/classic-heimtiernahrung.de\/de\/wp-json\/wp\/v2\/media?parent=1106"}],"wp:term":[{"taxonomy":"product_brand","embeddable":true,"href":"https:\/\/classic-heimtiernahrung.de\/de\/wp-json\/wp\/v2\/product_brand?post=1106"},{"taxonomy":"product_cat","embeddable":true,"href":"https:\/\/classic-heimtiernahrung.de\/de\/wp-json\/wp\/v2\/product_cat?post=1106"},{"taxonomy":"product_tag","embeddable":true,"href":"https:\/\/classic-heimtiernahrung.de\/de\/wp-json\/wp\/v2\/product_tag?post=1106"}],"curies":[{"name":"wp","href":"https:\/\/api.w.org\/{rel}","templated":true}]}}