{"id":1101,"date":"2021-11-16T08:39:22","date_gmt":"2021-11-16T07:39:22","guid":{"rendered":"https:\/\/relaunch.classic-heimtiernahrung.de\/?post_type=product&#038;p=1101"},"modified":"2022-02-22T09:00:48","modified_gmt":"2022-02-22T08:00:48","slug":"classic-bird-grosssittichfutter-25kg","status":"publish","type":"product","link":"https:\/\/classic-heimtiernahrung.de\/de\/product\/classic-bird-grosssittichfutter-25kg\/","title":{"rendered":"Classic Bird Gro\u00dfsittichfutter 25kg"},"content":{"rendered":"<p>Classic Bird Gro\u00dfsittichfutter ist ideal f\u00fcr alle, die ihrem Gro\u00dfsittich ein nat\u00fcrliches und nahrhaftes Futter bieten m\u00f6chten.<\/p>\n<p>Die gesunde Saatenmischung ist optimal auf die Bed\u00fcrfnisse aller Gro\u00dfsittiche abgestimmt.<br \/>\nDurch diese ausgewogene Mischung erh\u00e4lt der Gro\u00dfsittich lebenswichtige Vitamine und Spurenelemente, die beste Voraussetzung f\u00fcr kr\u00e4ftiges Gefieder und ein gesundes, langes Leben<\/p>\n<p>Classic Bird Gro\u00dfsittichfutter beinhaltet eine vielf\u00e4ltige Auswahl an Saaten und K\u00f6rnern besonders wichtig f\u00fcr eine abwechslungsreiche und naturnahe Ern\u00e4hrung.<\/p>\n<p>Diese Allroundmischung bietet ein optimales Preis-\/Leistungsverh\u00e4ltnis und wird \u00fcberaus gerne von den V\u00f6geln gefressen.<\/p>\n<p>Classic Bird Gro\u00dfsittichfutter &#8211; Produktqualit\u00e4t Made in Germany!<\/p>\n<p>&nbsp;<\/p>\n<h2>Inhaltsstoffe<\/h2>\n<p>&nbsp;<\/p>\n<p>Zusammensetzung:<\/p>\n<p>Gelbe Hirse, Kanariensaat, Sonnenblumenkerne gestreift, Buchweizen, Kardisaat, Weizen, Wei\u00dfe Sonnenblumenkerne, Haferkerne, Paddyreis, Milokorn, Hanfsaat<\/p>\n<p>Analytische Bestandteile:<\/p>\n<p>Protein = 12,00 %, Rohfaser = 9,50 %, Fettgehalt = 9,00 %, Rohasche = 5,70 %, Feuchte = 11,00 %, Calcium = 0,80 %, Phosphor = 0,50 %<\/p>\n<p>Hergestellt f\u00fcr:<br \/>\nBTG Beteiligungs GmbH<br \/>\nGewerbestr. 5-7<br \/>\n42499 H\u00fcckeswagen<br \/>\ninfo@btg-systemlogistik.de<\/p>\n<p>&nbsp;<\/p>\n<h2>F\u00fctterungsempfehlung<\/h2>\n<p>&nbsp;<\/p>\n<p>F\u00fctterungshinweis:<\/p>\n<p>Pro Tier ca. 15-20 g am Tag. Bitte sorgen Sie daf\u00fcr, dass Ihr kleiner Freund immer ausreichend Futter und Wasser hat. Bitte entfernen Sie t\u00e4glich die leeren Saatenh\u00fclsen (Spelzen) aus dem Futternapf und f\u00fcllen Sie Ihn auf.<\/p>\n","protected":false},"excerpt":{"rendered":"<p>Optimale Ern\u00e4hrung f\u00fcr Gro\u00dfsittiche<\/p>\n","protected":false},"featured_media":1102,"template":"","meta":[],"product_brand":[],"product_cat":[71,72],"product_tag":[],"class_list":{"0":"post-1101","1":"product","2":"type-product","3":"status-publish","4":"has-post-thumbnail","6":"product_cat-classic-bird","7":"product_cat-classic-bird-futter","9":"first","10":"instock","11":"shipping-taxable","12":"product-type-simple"},"_links":{"self":[{"href":"https:\/\/classic-heimtiernahrung.de\/de\/wp-json\/wp\/v2\/product\/1101","targetHints":{"allow":["GET"]}}],"collection":[{"href":"https:\/\/classic-heimtiernahrung.de\/de\/wp-json\/wp\/v2\/product"}],"about":[{"href":"https:\/\/classic-heimtiernahrung.de\/de\/wp-json\/wp\/v2\/types\/product"}],"version-history":[{"count":1,"href":"https:\/\/classic-heimtiernahrung.de\/de\/wp-json\/wp\/v2\/product\/1101\/revisions"}],"predecessor-version":[{"id":1583,"href":"https:\/\/classic-heimtiernahrung.de\/de\/wp-json\/wp\/v2\/product\/1101\/revisions\/1583"}],"wp:featuredmedia":[{"embeddable":true,"href":"https:\/\/classic-heimtiernahrung.de\/de\/wp-json\/wp\/v2\/media\/1102"}],"wp:attachment":[{"href":"https:\/\/classic-heimtiernahrung.de\/de\/wp-json\/wp\/v2\/media?parent=1101"}],"wp:term":[{"taxonomy":"product_brand","embeddable":true,"href":"https:\/\/classic-heimtiernahrung.de\/de\/wp-json\/wp\/v2\/product_brand?post=1101"},{"taxonomy":"product_cat","embeddable":true,"href":"https:\/\/classic-heimtiernahrung.de\/de\/wp-json\/wp\/v2\/product_cat?post=1101"},{"taxonomy":"product_tag","embeddable":true,"href":"https:\/\/classic-heimtiernahrung.de\/de\/wp-json\/wp\/v2\/product_tag?post=1101"}],"curies":[{"name":"wp","href":"https:\/\/api.w.org\/{rel}","templated":true}]}}