{"id":207,"date":"2020-02-26T08:41:42","date_gmt":"2020-02-26T07:41:42","guid":{"rendered":"https:\/\/lorada.c-themes.com\/organic\/?page_id=207"},"modified":"2025-04-08T16:43:45","modified_gmt":"2025-04-08T14:43:45","slug":"ueber-uns","status":"publish","type":"page","link":"https:\/\/classic-heimtiernahrung.de\/de\/ueber-uns\/","title":{"rendered":"\u00dcber uns"},"content":{"rendered":"\t\t<div data-elementor-type=\"wp-page\" data-elementor-id=\"207\" class=\"elementor elementor-207\" data-elementor-post-type=\"page\">\n\t\t\t\t\t\t<section class=\"elementor-section elementor-top-section elementor-element elementor-element-29a15f5c elementor-section-full_width elementor-section-stretched elementor-section-height-default elementor-section-height-default\" data-id=\"29a15f5c\" data-element_type=\"section\" data-settings=\"{&quot;stretch_section&quot;:&quot;section-stretched&quot;}\">\n\t\t\t\t\t\t<div class=\"elementor-container elementor-column-gap-default\">\n\t\t\t\t\t<div class=\"elementor-column elementor-col-100 elementor-top-column elementor-element elementor-element-304999f2\" data-id=\"304999f2\" data-element_type=\"column\">\n\t\t\t<div class=\"elementor-widget-wrap elementor-element-populated\">\n\t\t\t\t\t\t<div class=\"elementor-element elementor-element-12726ef1 elementor-widget elementor-widget-image\" data-id=\"12726ef1\" data-element_type=\"widget\" data-widget_type=\"image.default\">\n\t\t\t\t<div class=\"elementor-widget-container\">\n\t\t\t\t\t\t\t\t\t\t\t\t\t\t\t<img fetchpriority=\"high\" width=\"2000\" height=\"300\" class=\"attachment-full size-full wp-image-840 lazyload\" alt=\"familie-2000x300\" sizes=\"(max-width: 2000px) 100vw, 2000px\" data-src=\"https:\/\/classic-heimtiernahrung.de\/wp-content\/uploads\/2021\/10\/familie-2000x300-1.jpg\" data-srcset=\"https:\/\/classic-heimtiernahrung.de\/wp-content\/uploads\/2021\/10\/familie-2000x300-1.jpg 2000w, https:\/\/classic-heimtiernahrung.de\/wp-content\/uploads\/2021\/10\/familie-2000x300-1-300x45.jpg 300w, https:\/\/classic-heimtiernahrung.de\/wp-content\/uploads\/2021\/10\/familie-2000x300-1-1024x154.jpg 1024w, https:\/\/classic-heimtiernahrung.de\/wp-content\/uploads\/2021\/10\/familie-2000x300-1-768x115.jpg 768w, https:\/\/classic-heimtiernahrung.de\/wp-content\/uploads\/2021\/10\/familie-2000x300-1-1536x230.jpg 1536w, https:\/\/classic-heimtiernahrung.de\/wp-content\/uploads\/2021\/10\/familie-2000x300-1-150x23.jpg 150w, https:\/\/classic-heimtiernahrung.de\/wp-content\/uploads\/2021\/10\/familie-2000x300-1-40x6.jpg 40w, https:\/\/classic-heimtiernahrung.de\/wp-content\/uploads\/2021\/10\/familie-2000x300-1-900x135.jpg 900w, https:\/\/classic-heimtiernahrung.de\/wp-content\/uploads\/2021\/10\/familie-2000x300-1-64x10.jpg 64w\" srcset=\"https:\/\/classic-heimtiernahrung.de\/wp-content\/uploads\/2021\/10\/familie-2000x300-1.jpg 2000w, https:\/\/classic-heimtiernahrung.de\/wp-content\/uploads\/2021\/10\/familie-2000x300-1-300x45.jpg 300w, https:\/\/classic-heimtiernahrung.de\/wp-content\/uploads\/2021\/10\/familie-2000x300-1-1024x154.jpg 1024w, https:\/\/classic-heimtiernahrung.de\/wp-content\/uploads\/2021\/10\/familie-2000x300-1-768x115.jpg 768w, https:\/\/classic-heimtiernahrung.de\/wp-content\/uploads\/2021\/10\/familie-2000x300-1-1536x230.jpg 1536w, https:\/\/classic-heimtiernahrung.de\/wp-content\/uploads\/2021\/10\/familie-2000x300-1-150x23.jpg 150w, https:\/\/classic-heimtiernahrung.de\/wp-content\/uploads\/2021\/10\/familie-2000x300-1-40x6.jpg 40w, https:\/\/classic-heimtiernahrung.de\/wp-content\/uploads\/2021\/10\/familie-2000x300-1-900x135.jpg 900w, https:\/\/classic-heimtiernahrung.de\/wp-content\/uploads\/2021\/10\/familie-2000x300-1-64x10.jpg 64w\" \/>\t\t\t\t\t\t\t\t\t\t\t\t\t\t\t<\/div>\n\t\t\t\t<\/div>\n\t\t\t\t\t<\/div>\n\t\t<\/div>\n\t\t\t\t\t<\/div>\n\t\t<\/section>\n\t\t\t\t<section class=\"elementor-section elementor-top-section elementor-element elementor-element-74668029 elementor-section-boxed elementor-section-height-default elementor-section-height-default\" data-id=\"74668029\" data-element_type=\"section\">\n\t\t\t\t\t\t<div class=\"elementor-container elementor-column-gap-default\">\n\t\t\t\t\t<div class=\"elementor-column elementor-col-100 elementor-top-column elementor-element elementor-element-4b1ecd63\" data-id=\"4b1ecd63\" data-element_type=\"column\">\n\t\t\t<div class=\"elementor-widget-wrap elementor-element-populated\">\n\t\t\t\t\t\t<div class=\"elementor-element elementor-element-1a1cdac3 elementor-widget elementor-widget-image\" data-id=\"1a1cdac3\" data-element_type=\"widget\" data-widget_type=\"image.default\">\n\t\t\t\t<div class=\"elementor-widget-container\">\n\t\t\t\t\t\t\t\t\t\t\t\t\t\t\t<img width=\"300\" height=\"150\" class=\"attachment-medium size-medium wp-image-536 lazyload\" alt=\"classic-hauptlogo-500x250\" sizes=\"(max-width: 300px) 100vw, 300px\" data-src=\"https:\/\/classic-heimtiernahrung.de\/wp-content\/uploads\/2021\/07\/classic-hauptlogo-500x250-1-300x150.png\" data-srcset=\"https:\/\/classic-heimtiernahrung.de\/wp-content\/uploads\/2021\/07\/classic-hauptlogo-500x250-1-300x150.png 300w, https:\/\/classic-heimtiernahrung.de\/wp-content\/uploads\/2021\/07\/classic-hauptlogo-500x250-1-64x32.png 64w, https:\/\/classic-heimtiernahrung.de\/wp-content\/uploads\/2021\/07\/classic-hauptlogo-500x250-1-150x75.png 150w, https:\/\/classic-heimtiernahrung.de\/wp-content\/uploads\/2021\/07\/classic-hauptlogo-500x250-1-40x20.png 40w, https:\/\/classic-heimtiernahrung.de\/wp-content\/uploads\/2021\/07\/classic-hauptlogo-500x250-1.png 500w\" srcset=\"https:\/\/classic-heimtiernahrung.de\/wp-content\/uploads\/2021\/07\/classic-hauptlogo-500x250-1-300x150.png 300w, https:\/\/classic-heimtiernahrung.de\/wp-content\/uploads\/2021\/07\/classic-hauptlogo-500x250-1-64x32.png 64w, https:\/\/classic-heimtiernahrung.de\/wp-content\/uploads\/2021\/07\/classic-hauptlogo-500x250-1-150x75.png 150w, https:\/\/classic-heimtiernahrung.de\/wp-content\/uploads\/2021\/07\/classic-hauptlogo-500x250-1-40x20.png 40w, https:\/\/classic-heimtiernahrung.de\/wp-content\/uploads\/2021\/07\/classic-hauptlogo-500x250-1.png 500w\" \/>\t\t\t\t\t\t\t\t\t\t\t\t\t\t\t<\/div>\n\t\t\t\t<\/div>\n\t\t\t\t\t<\/div>\n\t\t<\/div>\n\t\t\t\t\t<\/div>\n\t\t<\/section>\n\t\t\t\t<section class=\"elementor-section elementor-top-section elementor-element elementor-element-5cc014ad elementor-section-full_width elementor-section-height-default elementor-section-height-default\" data-id=\"5cc014ad\" data-element_type=\"section\" data-settings=\"{&quot;background_background&quot;:&quot;classic&quot;}\">\n\t\t\t\t\t\t<div class=\"elementor-container elementor-column-gap-default\">\n\t\t\t\t\t<div class=\"elementor-column elementor-col-100 elementor-top-column elementor-element elementor-element-7ec67c6d\" data-id=\"7ec67c6d\" data-element_type=\"column\">\n\t\t\t<div class=\"elementor-widget-wrap elementor-element-populated\">\n\t\t\t\t\t\t<section class=\"elementor-section elementor-inner-section elementor-element elementor-element-53ad467c elementor-section-boxed elementor-section-height-default elementor-section-height-default\" data-id=\"53ad467c\" data-element_type=\"section\">\n\t\t\t\t\t\t<div class=\"elementor-container elementor-column-gap-default\">\n\t\t\t\t\t<div class=\"elementor-column elementor-col-100 elementor-inner-column elementor-element elementor-element-49f669f4\" data-id=\"49f669f4\" data-element_type=\"column\">\n\t\t\t<div class=\"elementor-widget-wrap elementor-element-populated\">\n\t\t\t\t\t\t<div class=\"elementor-element elementor-element-321ce283 elementor-widget elementor-widget-heading\" data-id=\"321ce283\" data-element_type=\"widget\" data-widget_type=\"heading.default\">\n\t\t\t\t<div class=\"elementor-widget-container\">\n\t\t\t\t\t<h1 class=\"elementor-heading-title elementor-size-default\">Alle Bed\u00fcrfnisse im Blick<\/h1>\t\t\t\t<\/div>\n\t\t\t\t<\/div>\n\t\t\t\t<div class=\"elementor-element elementor-element-7d8b045c elementor-widget elementor-widget-text-editor\" data-id=\"7d8b045c\" data-element_type=\"widget\" data-widget_type=\"text-editor.default\">\n\t\t\t\t<div class=\"elementor-widget-container\">\n\t\t\t\t\t\t\t\t\t<p>Seit \u00fcber 20 Jahren bietet die Marke Classic schmackhafte Futtermittel f\u00fcr Hunde, Katzen, Nager, V\u00f6gel und Teichfische an. Mit ihrer ausgewogenen Rezeptur und einem artgerechten Ern\u00e4hrungskonzept sorgen die Produkte von Classic f\u00fcr eine optimale Ern\u00e4hrung der Heimtiere und bieten zugleich eine preiswerte Alternative.<\/p><p>Das gesamte Produktsortiment von Classic \u00fcberzeugt durch seine Qualit\u00e4t und Vielfalt. Stets abgestimmt auf die jeweiligen\u00a0 Bed\u00fcrfnisse der unterschiedlichen Heimtiere ist die Marke Classic eine preisg\u00fcnstige Alternative mit verst\u00e4ndlichen und einfachen L\u00f6sungen f\u00fcr die Haltung von Hund, Katze, Kleintieren, V\u00f6geln und Teichbewohnern. Mit viel Know-how und dem wertvollen Wissen der Experten ist \u00fcber die Jahre ein breites Sortimentsangebot entstanden, das Tierfreunde im Zusammenleben mit ihren Hausgenossen ma\u00dfgeschneidert und <br \/>sinnvoll unterst\u00fctzt.\u00a0<\/p>\t\t\t\t\t\t\t\t<\/div>\n\t\t\t\t<\/div>\n\t\t\t\t<div class=\"elementor-element elementor-element-56c9d8e elementor-widget elementor-widget-heading\" data-id=\"56c9d8e\" data-element_type=\"widget\" data-widget_type=\"heading.default\">\n\t\t\t\t<div class=\"elementor-widget-container\">\n\t\t\t\t\t<h1 class=\"elementor-heading-title elementor-size-default\">Bemerkenswertes Produktportfolio<\/h1>\t\t\t\t<\/div>\n\t\t\t\t<\/div>\n\t\t\t\t<div class=\"elementor-element elementor-element-a287d51 elementor-widget elementor-widget-text-editor\" data-id=\"a287d51\" data-element_type=\"widget\" data-widget_type=\"text-editor.default\">\n\t\t\t\t<div class=\"elementor-widget-container\">\n\t\t\t\t\t\t\t\t\t<p>Das Angebot an unterschiedlichen Classic-Produkten umfasst neben der Versorgung durch Nass- und Trockenfuttermittel auch Backwaren, Snacks und Nahrungserg\u00e4nzungsmittel f\u00fcr Vierbeiner. Mit guten Leistungseigenschaften k\u00f6nnen Katzenbesitzer auf eine ideale Klumpstreu in Premium-Qualit\u00e4t zur\u00fcckgreifen. F\u00fcr ihre Klein- und Nagetiere stehen Tierhaltern ausgewogene Futtermischungen, eine optimal ausgereifte Streu und f\u00fcr V\u00f6gel und Teichfische eine breite Palette an speziellen Futtermitteln zur Verf\u00fcgung. Die exklusive Marke Classic legt bei ihren Produkten besonderen Wert auf die ausgewogenen Rezepturen der jeweiligen Futtermittel, auf den \u00f6kologischen Produktansatz der Hygieneprodukte sowie auf faire Preise. Mit diesen Vorgaben pr\u00e4sentieren sich die Classic-Produkte f\u00fcr alle Tierfreunde in stets bew\u00e4hrter Qualit\u00e4t und einem ansprechenden Preis-Leistungs-Verh\u00e4ltnis.<\/p>\t\t\t\t\t\t\t\t<\/div>\n\t\t\t\t<\/div>\n\t\t\t\t<div class=\"elementor-element elementor-element-46f9414e elementor-widget elementor-widget-image\" data-id=\"46f9414e\" data-element_type=\"widget\" data-widget_type=\"image.default\">\n\t\t\t\t<div class=\"elementor-widget-container\">\n\t\t\t\t\t\t\t\t\t\t\t\t\t\t\t<img width=\"1300\" height=\"450\" class=\"attachment-full size-full wp-image-2618 lazyload\" alt=\"classic-produkte-1300x450-neu-V2\" sizes=\"(max-width: 1300px) 100vw, 1300px\" data-src=\"https:\/\/classic-heimtiernahrung.de\/wp-content\/uploads\/2024\/03\/classic-produkte-1300x450-neu-V3.png\" data-srcset=\"https:\/\/classic-heimtiernahrung.de\/wp-content\/uploads\/2024\/03\/classic-produkte-1300x450-neu-V3.png 1300w, https:\/\/classic-heimtiernahrung.de\/wp-content\/uploads\/2024\/03\/classic-produkte-1300x450-neu-V3-300x104.png 300w, https:\/\/classic-heimtiernahrung.de\/wp-content\/uploads\/2024\/03\/classic-produkte-1300x450-neu-V3-1024x354.png 1024w, https:\/\/classic-heimtiernahrung.de\/wp-content\/uploads\/2024\/03\/classic-produkte-1300x450-neu-V3-768x266.png 768w, https:\/\/classic-heimtiernahrung.de\/wp-content\/uploads\/2024\/03\/classic-produkte-1300x450-neu-V3-18x6.png 18w, https:\/\/classic-heimtiernahrung.de\/wp-content\/uploads\/2024\/03\/classic-produkte-1300x450-neu-V3-150x52.png 150w, https:\/\/classic-heimtiernahrung.de\/wp-content\/uploads\/2024\/03\/classic-produkte-1300x450-neu-V3-40x14.png 40w, https:\/\/classic-heimtiernahrung.de\/wp-content\/uploads\/2024\/03\/classic-produkte-1300x450-neu-V3-900x312.png 900w, https:\/\/classic-heimtiernahrung.de\/wp-content\/uploads\/2024\/03\/classic-produkte-1300x450-neu-V3-64x22.png 64w\" srcset=\"https:\/\/classic-heimtiernahrung.de\/wp-content\/uploads\/2024\/03\/classic-produkte-1300x450-neu-V3.png 1300w, https:\/\/classic-heimtiernahrung.de\/wp-content\/uploads\/2024\/03\/classic-produkte-1300x450-neu-V3-300x104.png 300w, https:\/\/classic-heimtiernahrung.de\/wp-content\/uploads\/2024\/03\/classic-produkte-1300x450-neu-V3-1024x354.png 1024w, https:\/\/classic-heimtiernahrung.de\/wp-content\/uploads\/2024\/03\/classic-produkte-1300x450-neu-V3-768x266.png 768w, https:\/\/classic-heimtiernahrung.de\/wp-content\/uploads\/2024\/03\/classic-produkte-1300x450-neu-V3-18x6.png 18w, https:\/\/classic-heimtiernahrung.de\/wp-content\/uploads\/2024\/03\/classic-produkte-1300x450-neu-V3-150x52.png 150w, https:\/\/classic-heimtiernahrung.de\/wp-content\/uploads\/2024\/03\/classic-produkte-1300x450-neu-V3-40x14.png 40w, https:\/\/classic-heimtiernahrung.de\/wp-content\/uploads\/2024\/03\/classic-produkte-1300x450-neu-V3-900x312.png 900w, https:\/\/classic-heimtiernahrung.de\/wp-content\/uploads\/2024\/03\/classic-produkte-1300x450-neu-V3-64x22.png 64w\" \/>\t\t\t\t\t\t\t\t\t\t\t\t\t\t\t<\/div>\n\t\t\t\t<\/div>\n\t\t\t\t\t<\/div>\n\t\t<\/div>\n\t\t\t\t\t<\/div>\n\t\t<\/section>\n\t\t\t\t<section class=\"elementor-section elementor-inner-section elementor-element elementor-element-16fe3afb elementor-section-boxed elementor-section-height-default elementor-section-height-default\" data-id=\"16fe3afb\" data-element_type=\"section\">\n\t\t\t\t\t\t<div class=\"elementor-container elementor-column-gap-default\">\n\t\t\t\t\t<div class=\"elementor-column elementor-col-100 elementor-inner-column elementor-element elementor-element-3054cdf8\" data-id=\"3054cdf8\" data-element_type=\"column\">\n\t\t\t<div class=\"elementor-widget-wrap elementor-element-populated\">\n\t\t\t\t\t\t<div class=\"elementor-element elementor-element-712a8952 elementor-widget elementor-widget-image\" data-id=\"712a8952\" data-element_type=\"widget\" data-widget_type=\"image.default\">\n\t\t\t\t<div class=\"elementor-widget-container\">\n\t\t\t\t\t\t\t\t\t\t\t\t\t\t\t<img loading=\"lazy\" width=\"1300\" height=\"200\" class=\"attachment-full size-full wp-image-2572 lazyload\" alt=\"classic-logos-1300x200-neu\" sizes=\"(max-width: 1300px) 100vw, 1300px\" data-src=\"https:\/\/classic-heimtiernahrung.de\/wp-content\/uploads\/2023\/11\/classic-logos-1300x200-neu-2.png\" data-srcset=\"https:\/\/classic-heimtiernahrung.de\/wp-content\/uploads\/2023\/11\/classic-logos-1300x200-neu-2.png 1300w, https:\/\/classic-heimtiernahrung.de\/wp-content\/uploads\/2023\/11\/classic-logos-1300x200-neu-2-300x46.png 300w, https:\/\/classic-heimtiernahrung.de\/wp-content\/uploads\/2023\/11\/classic-logos-1300x200-neu-2-1024x158.png 1024w, https:\/\/classic-heimtiernahrung.de\/wp-content\/uploads\/2023\/11\/classic-logos-1300x200-neu-2-768x118.png 768w, https:\/\/classic-heimtiernahrung.de\/wp-content\/uploads\/2023\/11\/classic-logos-1300x200-neu-2-18x3.png 18w, https:\/\/classic-heimtiernahrung.de\/wp-content\/uploads\/2023\/11\/classic-logos-1300x200-neu-2-150x23.png 150w, https:\/\/classic-heimtiernahrung.de\/wp-content\/uploads\/2023\/11\/classic-logos-1300x200-neu-2-40x6.png 40w, https:\/\/classic-heimtiernahrung.de\/wp-content\/uploads\/2023\/11\/classic-logos-1300x200-neu-2-900x138.png 900w, https:\/\/classic-heimtiernahrung.de\/wp-content\/uploads\/2023\/11\/classic-logos-1300x200-neu-2-64x10.png 64w\" srcset=\"https:\/\/classic-heimtiernahrung.de\/wp-content\/uploads\/2023\/11\/classic-logos-1300x200-neu-2.png 1300w, https:\/\/classic-heimtiernahrung.de\/wp-content\/uploads\/2023\/11\/classic-logos-1300x200-neu-2-300x46.png 300w, https:\/\/classic-heimtiernahrung.de\/wp-content\/uploads\/2023\/11\/classic-logos-1300x200-neu-2-1024x158.png 1024w, https:\/\/classic-heimtiernahrung.de\/wp-content\/uploads\/2023\/11\/classic-logos-1300x200-neu-2-768x118.png 768w, https:\/\/classic-heimtiernahrung.de\/wp-content\/uploads\/2023\/11\/classic-logos-1300x200-neu-2-18x3.png 18w, https:\/\/classic-heimtiernahrung.de\/wp-content\/uploads\/2023\/11\/classic-logos-1300x200-neu-2-150x23.png 150w, https:\/\/classic-heimtiernahrung.de\/wp-content\/uploads\/2023\/11\/classic-logos-1300x200-neu-2-40x6.png 40w, https:\/\/classic-heimtiernahrung.de\/wp-content\/uploads\/2023\/11\/classic-logos-1300x200-neu-2-900x138.png 900w, https:\/\/classic-heimtiernahrung.de\/wp-content\/uploads\/2023\/11\/classic-logos-1300x200-neu-2-64x10.png 64w\" \/>\t\t\t\t\t\t\t\t\t\t\t\t\t\t\t<\/div>\n\t\t\t\t<\/div>\n\t\t\t\t<div class=\"elementor-element elementor-element-fc32b64 elementor-widget elementor-widget-heading\" data-id=\"fc32b64\" data-element_type=\"widget\" data-widget_type=\"heading.default\">\n\t\t\t\t<div class=\"elementor-widget-container\">\n\t\t\t\t\t<h1 class=\"elementor-heading-title elementor-size-default\">Classic \u2013 Die gesunde und leckere Produktwelt<\/h1>\t\t\t\t<\/div>\n\t\t\t\t<\/div>\n\t\t\t\t<div class=\"elementor-element elementor-element-ff5d9eb elementor-widget elementor-widget-text-editor\" data-id=\"ff5d9eb\" data-element_type=\"widget\" data-widget_type=\"text-editor.default\">\n\t\t\t\t<div class=\"elementor-widget-container\">\n\t\t\t\t\t\t\t\t\t<p><strong>Classic Dog<\/strong>\u00a0<\/p><p>Hundeliebhabern wird mit Classic Dog \u2013 von der Trockennahrung \u00fcber Nassfutter, Backwaren und Snacks bis hin zu Nahrungserg\u00e4nzungsmitteln \u2013 eine umfangreiche Sortimentsauswahl geboten, um zur Gesunderhaltung der eigenen Vierbeiner beizutragen. Classic Dog ist optimal auf <br \/>die Ern\u00e4hrungsbed\u00fcrfnisse von Hunden abgestimmt und wird aus qualitativ hochwertigen Rohstoffen in einem besonderen <br \/>Schonverfahren hergestellt. Dabei wird darauf geachtet, dass die nat\u00fcrlichen Vitamine bestm\u00f6glich erhalten bleiben.<\/p><p><strong>Classic Cat<\/strong><span style=\"color: var( --e-global-color-secondary );\">\u00a0<\/span><\/p><p>Auch den Besitzern von Samtpfoten bietet Classic Cat mit Trockennahrung, Nassfutter und Katzenstreu eine ideale Grundversorgung ihrer Lieblinge. Abgestimmt auf die speziellen Ern\u00e4hrungsbed\u00fcrfnisse der kleinen J\u00e4ger besteht der ideale N\u00e4hrstoff-Mix von Classic Cat aus besten Rohstoffen, w\u00e4hrend die Klumpstreu von Classic Cat einen \u00f6kologischen Produktansatz mit extremer Saugf\u00e4higkeit kombiniert und f\u00fcr eine perfekte Hygiene am stillen \u00d6rtchen der Tiere sorgt.<\/p><p><strong>Classic Friends<\/strong><\/p><p>Auch im Sortiment von Classic Friends spiegelt sich der Aspekt einer ausgewogenen und artgerechten Ern\u00e4hrung sowie der wichtigen Tierhygiene wider. Mit den Futtermitteln f\u00fcr Nager und Zwergkaninchen und der richtigen Mischung an N\u00e4hrstoffen und Vitaminen k\u00f6nnen Tierhalter einen wesentlichen Beitrag f\u00fcr ein gesundes Tierleben und viel Lebensfreude leisten. Komfortable Sauberkeit garantiert die \u00f6kologische Nagereinstreu auf Strohbasis mit 400 Prozent Saugkraft. Dazu ist sie zu 100 Prozent kompostierbar.<\/p><p><strong>Classic Bird<\/strong><span style=\"color: var( --e-global-color-secondary );\">\u00a0<\/span><\/p><p>Wellensittiche, Gro\u00dfsittiche, Kanarienv\u00f6gel oder Papageien: Classic Bird ist auch bei den gefiederten Heimtieren mit den speziellen Futtermischungen vertreten. Die artgerechten Allroundmischungen f\u00fcr die unterschiedlichen Flugk\u00fcnstler beinhalten u. a. lebenswichtige Vitamine und Spurenelemente und sorgen so f\u00fcr die besten Voraussetzungen f\u00fcr ein kr\u00e4ftiges Gefieder und ein gesundes und langes Tierleben.<\/p><p><strong>Classic Fish<\/strong><\/p><p>F\u00fcr alle Gartenteichfreunde steht mit Classic Fish gesundes und artgerechtes Futter f\u00fcr alle Teichfische zur Verf\u00fcgung. Von schwimmf\u00e4higen Futtersticks bis hin zu hochverdaulichen Flocken, Sticks und getrocknetem Naturfutter erm\u00f6glichen die Produkte aufgrund der enthaltenen Kohlenhydrate, Proteine, Fette und Vitamine eine ausgewogene F\u00fctterung. Die hohe und gleichbleibende Qualit\u00e4t wird durch st\u00e4ndige Qualit\u00e4tskontrollen garantiert.<\/p>\t\t\t\t\t\t\t\t<\/div>\n\t\t\t\t<\/div>\n\t\t\t\t\t<\/div>\n\t\t<\/div>\n\t\t\t\t\t<\/div>\n\t\t<\/section>\n\t\t\t\t\t<\/div>\n\t\t<\/div>\n\t\t\t\t\t<\/div>\n\t\t<\/section>\n\t\t\t\t<\/div>\n\t\t","protected":false},"excerpt":{"rendered":"<p>Alle Bed\u00fcrfnisse im Blick Seit \u00fcber 20 Jahren bietet die Marke Classic schmackhafte Futtermittel f\u00fcr Hunde, Katzen, Nager, V\u00f6gel und Teichfische an. Mit ihrer ausgewogenen Rezeptur und einem artgerechten Ern\u00e4hrungskonzept sorgen die Produkte von Classic f\u00fcr eine optimale Ern\u00e4hrung der Heimtiere und bieten zugleich eine preiswerte Alternative. Das gesamte Produktsortiment von Classic \u00fcberzeugt durch seine [&hellip;]<\/p>\n","protected":false},"author":1,"featured_media":0,"parent":0,"menu_order":0,"comment_status":"closed","ping_status":"closed","template":"","meta":{"footnotes":""},"class_list":["post-207","page","type-page","status-publish","hentry"],"_links":{"self":[{"href":"https:\/\/classic-heimtiernahrung.de\/de\/wp-json\/wp\/v2\/pages\/207","targetHints":{"allow":["GET"]}}],"collection":[{"href":"https:\/\/classic-heimtiernahrung.de\/de\/wp-json\/wp\/v2\/pages"}],"about":[{"href":"https:\/\/classic-heimtiernahrung.de\/de\/wp-json\/wp\/v2\/types\/page"}],"author":[{"embeddable":true,"href":"https:\/\/classic-heimtiernahrung.de\/de\/wp-json\/wp\/v2\/users\/1"}],"replies":[{"embeddable":true,"href":"https:\/\/classic-heimtiernahrung.de\/de\/wp-json\/wp\/v2\/comments?post=207"}],"version-history":[{"count":67,"href":"https:\/\/classic-heimtiernahrung.de\/de\/wp-json\/wp\/v2\/pages\/207\/revisions"}],"predecessor-version":[{"id":2671,"href":"https:\/\/classic-heimtiernahrung.de\/de\/wp-json\/wp\/v2\/pages\/207\/revisions\/2671"}],"wp:attachment":[{"href":"https:\/\/classic-heimtiernahrung.de\/de\/wp-json\/wp\/v2\/media?parent=207"}],"curies":[{"name":"wp","href":"https:\/\/api.w.org\/{rel}","templated":true}]}}